{"id":1199,"date":"2022-02-04T10:43:32","date_gmt":"2022-02-04T10:43:32","guid":{"rendered":"https:\/\/lprkuvataidekoulu.fi\/?page_id=1199"},"modified":"2025-06-17T11:55:50","modified_gmt":"2025-06-17T11:55:50","slug":"nayttelyt-ja-tapahtumat","status":"publish","type":"page","link":"https:\/\/lprkuvataidekoulu.fi\/?page_id=1199","title":{"rendered":"N\u00e4yttelyt ja tapahtumat"},"content":{"rendered":"\t\t<div data-elementor-type=\"wp-page\" data-elementor-id=\"1199\" class=\"elementor elementor-1199\" data-elementor-post-type=\"page\">\n\t\t\t\t\t\t<section class=\"elementor-section elementor-top-section elementor-element elementor-element-1b5abae elementor-section-boxed elementor-section-height-default elementor-section-height-default\" data-id=\"1b5abae\" data-element_type=\"section\" data-e-type=\"section\">\n\t\t\t\t\t\t<div class=\"elementor-container elementor-column-gap-default\">\n\t\t\t\t\t<div class=\"elementor-column elementor-col-100 elementor-top-column elementor-element elementor-element-52e455c\" data-id=\"52e455c\" data-element_type=\"column\" data-e-type=\"column\">\n\t\t\t<div class=\"elementor-widget-wrap elementor-element-populated\">\n\t\t\t\t\t\t<section class=\"elementor-section elementor-inner-section elementor-element elementor-element-bcc4463 elementor-section-boxed elementor-section-height-default elementor-section-height-default\" data-id=\"bcc4463\" data-element_type=\"section\" data-e-type=\"section\">\n\t\t\t\t\t\t<div class=\"elementor-container elementor-column-gap-default\">\n\t\t\t\t\t<div class=\"elementor-column elementor-col-50 elementor-inner-column elementor-element elementor-element-1798008\" data-id=\"1798008\" data-element_type=\"column\" data-e-type=\"column\">\n\t\t\t<div class=\"elementor-widget-wrap elementor-element-populated\">\n\t\t\t\t\t\t<div class=\"elementor-element elementor-element-149c571 elementor-widget elementor-widget-text-editor\" data-id=\"149c571\" data-element_type=\"widget\" data-e-type=\"widget\" data-widget_type=\"text-editor.default\">\n\t\t\t\t<div class=\"elementor-widget-container\">\n\t\t\t\t\t\t\t\t\t<h3>N\u00e4yttelyt ja tapahtumat<\/h3>\t\t\t\t\t\t\t\t<\/div>\n\t\t\t\t<\/div>\n\t\t\t\t\t<\/div>\n\t\t<\/div>\n\t\t\t\t<div class=\"elementor-column elementor-col-50 elementor-inner-column elementor-element elementor-element-8073ca5\" data-id=\"8073ca5\" data-element_type=\"column\" data-e-type=\"column\">\n\t\t\t<div class=\"elementor-widget-wrap\">\n\t\t\t\t\t\t\t<\/div>\n\t\t<\/div>\n\t\t\t\t\t<\/div>\n\t\t<\/section>\n\t\t\t\t<section class=\"elementor-section elementor-inner-section elementor-element elementor-element-58ec761 elementor-section-boxed elementor-section-height-default elementor-section-height-default\" data-id=\"58ec761\" data-element_type=\"section\" data-e-type=\"section\">\n\t\t\t\t\t\t<div class=\"elementor-container elementor-column-gap-default\">\n\t\t\t\t\t<div class=\"elementor-column elementor-col-50 elementor-inner-column elementor-element elementor-element-c96c97f\" data-id=\"c96c97f\" data-element_type=\"column\" data-e-type=\"column\">\n\t\t\t<div class=\"elementor-widget-wrap elementor-element-populated\">\n\t\t\t\t\t\t<div class=\"elementor-element elementor-element-0e1e11f elementor-widget elementor-widget-image\" data-id=\"0e1e11f\" data-element_type=\"widget\" data-e-type=\"widget\" data-widget_type=\"image.default\">\n\t\t\t\t<div class=\"elementor-widget-container\">\n\t\t\t\t\t\t\t\t\t\t\t\t\t\t\t<img decoding=\"async\" width=\"300\" height=\"166\" src=\"https:\/\/lprkuvataidekoulu.fi\/wp-content\/uploads\/2023\/05\/GalleriaLinnoitus_logo-300x166.jpg\" class=\"attachment-medium size-medium wp-image-2040\" alt=\"\" srcset=\"https:\/\/lprkuvataidekoulu.fi\/wp-content\/uploads\/2023\/05\/GalleriaLinnoitus_logo-300x166.jpg 300w, https:\/\/lprkuvataidekoulu.fi\/wp-content\/uploads\/2023\/05\/GalleriaLinnoitus_logo-1024x567.jpg 1024w, https:\/\/lprkuvataidekoulu.fi\/wp-content\/uploads\/2023\/05\/GalleriaLinnoitus_logo-768x425.jpg 768w, https:\/\/lprkuvataidekoulu.fi\/wp-content\/uploads\/2023\/05\/GalleriaLinnoitus_logo-1536x850.jpg 1536w, https:\/\/lprkuvataidekoulu.fi\/wp-content\/uploads\/2023\/05\/GalleriaLinnoitus_logo-2048x1133.jpg 2048w\" sizes=\"(max-width: 300px) 100vw, 300px\" \/>\t\t\t\t\t\t\t\t\t\t\t\t\t\t\t<\/div>\n\t\t\t\t<\/div>\n\t\t\t\t\t<\/div>\n\t\t<\/div>\n\t\t\t\t<div class=\"elementor-column elementor-col-50 elementor-inner-column elementor-element elementor-element-ca41cab\" data-id=\"ca41cab\" data-element_type=\"column\" data-e-type=\"column\">\n\t\t\t<div class=\"elementor-widget-wrap elementor-element-populated\">\n\t\t\t\t\t\t<div class=\"elementor-element elementor-element-2257e14 elementor-widget elementor-widget-text-editor\" data-id=\"2257e14\" data-element_type=\"widget\" data-e-type=\"widget\" data-widget_type=\"text-editor.default\">\n\t\t\t\t<div class=\"elementor-widget-container\">\n\t\t\t\t\t\t\t\t\t<p>Kes\u00e4isin Lappeenrannan kuvataidekoulun alakerran opetustilat muuntuvat Galleria Linnoitukseksi, miss\u00e4 on kolme erillist\u00e4 galleriatilaa. N\u00e4yttelyihin on vapaa p\u00e4\u00e4sy.<br \/><span style=\"font-size: 1rem;\"><br \/>Kes\u00e4n 2025 n\u00e4ytteilleasettajat on valittu!\u00a0<\/span><span style=\"font-size: 1rem;\">N\u00e4yttelytilojen vuokrauksesta lis\u00e4\u00e4 oheisesta linkist\u00e4 <\/span><a style=\"background-color: #ffffff; font-size: 1rem;\" href=\"https:\/\/lprkuvataidekoulu.fi\/?page_id=257\">Tilojen vuokraus<\/a><\/p>\t\t\t\t\t\t\t\t<\/div>\n\t\t\t\t<\/div>\n\t\t\t\t\t<\/div>\n\t\t<\/div>\n\t\t\t\t\t<\/div>\n\t\t<\/section>\n\t\t\t\t<div class=\"elementor-element elementor-element-78595d8 elementor-widget-divider--view-line elementor-widget elementor-widget-divider\" data-id=\"78595d8\" data-element_type=\"widget\" data-e-type=\"widget\" data-widget_type=\"divider.default\">\n\t\t\t\t<div class=\"elementor-widget-container\">\n\t\t\t\t\t\t\t<div class=\"elementor-divider\">\n\t\t\t<span class=\"elementor-divider-separator\">\n\t\t\t\t\t\t<\/span>\n\t\t<\/div>\n\t\t\t\t\t\t<\/div>\n\t\t\t\t<\/div>\n\t\t\t\t<div class=\"elementor-element elementor-element-0c67a6e elementor-widget elementor-widget-heading\" data-id=\"0c67a6e\" data-element_type=\"widget\" data-e-type=\"widget\" data-widget_type=\"heading.default\">\n\t\t\t\t<div class=\"elementor-widget-container\">\n\t\t\t\t\t<h2 class=\"elementor-heading-title elementor-size-default\"><b>2025<\/b><\/h2>\t\t\t\t<\/div>\n\t\t\t\t<\/div>\n\t\t\t\t<div class=\"elementor-element elementor-element-a26062c elementor-widget elementor-widget-spacer\" data-id=\"a26062c\" data-element_type=\"widget\" data-e-type=\"widget\" data-widget_type=\"spacer.default\">\n\t\t\t\t<div class=\"elementor-widget-container\">\n\t\t\t\t\t\t\t<div class=\"elementor-spacer\">\n\t\t\t<div class=\"elementor-spacer-inner\"><\/div>\n\t\t<\/div>\n\t\t\t\t\t\t<\/div>\n\t\t\t\t<\/div>\n\t\t\t\t<div class=\"elementor-element elementor-element-454c47f elementor-widget elementor-widget-text-editor\" data-id=\"454c47f\" data-element_type=\"widget\" data-e-type=\"widget\" data-widget_type=\"text-editor.default\">\n\t\t\t\t<div class=\"elementor-widget-container\">\n\t\t\t\t\t\t\t\t\t<p><b>Lappeenrannan Akvarellitiimin 20-vuotisjuhlan\u00e4yttely <br>&amp; <\/b><b>Pirkko-Liisa Inkisen puupiirroksia<\/b><\/p>\t\t\t\t\t\t\t\t<\/div>\n\t\t\t\t<\/div>\n\t\t\t\t<section class=\"elementor-section elementor-inner-section elementor-element elementor-element-dccdb39 elementor-section-boxed elementor-section-height-default elementor-section-height-default\" data-id=\"dccdb39\" data-element_type=\"section\" data-e-type=\"section\">\n\t\t\t\t\t\t<div class=\"elementor-container elementor-column-gap-default\">\n\t\t\t\t\t<div class=\"elementor-column elementor-col-50 elementor-inner-column elementor-element elementor-element-d1a7668\" data-id=\"d1a7668\" data-element_type=\"column\" data-e-type=\"column\">\n\t\t\t<div class=\"elementor-widget-wrap elementor-element-populated\">\n\t\t\t\t\t\t<div class=\"elementor-element elementor-element-e731308 elementor-widget elementor-widget-image\" data-id=\"e731308\" data-element_type=\"widget\" data-e-type=\"widget\" data-widget_type=\"image.default\">\n\t\t\t\t<div class=\"elementor-widget-container\">\n\t\t\t\t\t\t\t\t\t\t\t\t\t\t\t<img fetchpriority=\"high\" decoding=\"async\" width=\"781\" height=\"1024\" src=\"https:\/\/lprkuvataidekoulu.fi\/wp-content\/uploads\/2025\/06\/LPR-Akvarellitiimi_20-vuotta_teoskuva-781x1024.jpg\" class=\"attachment-large size-large wp-image-2639\" alt=\"\" srcset=\"https:\/\/lprkuvataidekoulu.fi\/wp-content\/uploads\/2025\/06\/LPR-Akvarellitiimi_20-vuotta_teoskuva-781x1024.jpg 781w, https:\/\/lprkuvataidekoulu.fi\/wp-content\/uploads\/2025\/06\/LPR-Akvarellitiimi_20-vuotta_teoskuva-229x300.jpg 229w, https:\/\/lprkuvataidekoulu.fi\/wp-content\/uploads\/2025\/06\/LPR-Akvarellitiimi_20-vuotta_teoskuva-768x1007.jpg 768w, https:\/\/lprkuvataidekoulu.fi\/wp-content\/uploads\/2025\/06\/LPR-Akvarellitiimi_20-vuotta_teoskuva-1171x1536.jpg 1171w, https:\/\/lprkuvataidekoulu.fi\/wp-content\/uploads\/2025\/06\/LPR-Akvarellitiimi_20-vuotta_teoskuva-1561x2048.jpg 1561w, https:\/\/lprkuvataidekoulu.fi\/wp-content\/uploads\/2025\/06\/LPR-Akvarellitiimi_20-vuotta_teoskuva.jpg 1915w\" sizes=\"(max-width: 781px) 100vw, 781px\" \/>\t\t\t\t\t\t\t\t\t\t\t\t\t\t\t<\/div>\n\t\t\t\t<\/div>\n\t\t\t\t\t<\/div>\n\t\t<\/div>\n\t\t\t\t<div class=\"elementor-column elementor-col-50 elementor-inner-column elementor-element elementor-element-f2b25b0\" data-id=\"f2b25b0\" data-element_type=\"column\" data-e-type=\"column\">\n\t\t\t<div class=\"elementor-widget-wrap elementor-element-populated\">\n\t\t\t\t\t\t<div class=\"elementor-element elementor-element-df65772 elementor-widget elementor-widget-text-editor\" data-id=\"df65772\" data-element_type=\"widget\" data-e-type=\"widget\" data-widget_type=\"text-editor.default\">\n\t\t\t\t<div class=\"elementor-widget-container\">\n\t\t\t\t\t\t\t\t\t<p><strong>Lappeenrannan Akvarellitiimin 20-vuotisjuhlan\u00e4yttely\u00a0<br \/><\/strong><strong style=\"font-size: 1rem;\">&amp; Pirkko-Liisa Inkisen puupiirroksia <\/strong><\/p><p><strong style=\"font-size: 1rem;\">27.6.-11.7.2025<\/strong><\/p><div><p>N\u00e4yttely avoinna ma-pe klo 12-18, la-su klo 12-16<\/p><p>Galleria Linnoituksen kes\u00e4kauden avaava Lappeenrannan Akvarellitiimin n\u00e4yttely juhlistaa ryhm\u00e4n 20-vuotista taivalta ja historiaa maalausten muodossa. Seniori-ik\u00e4isi\u00e4 ryhm\u00e4n j\u00e4seni\u00e4 yhdist\u00e4\u00e4 t\u00e4rke\u00e4ksi ja voimaannuttavaksi koettu taiteen harrastus.<br \/>Samanaikaisesti esill\u00e4 on my\u00f6s tiimin ohjaajana toimivan kuvataiteilija Pirkko-Liisa Inkisen puupiirrosgrafiikkaa.<\/p><p>Avajaisp\u00e4iv\u00e4\u00e4 vietet\u00e4\u00e4n pe 27.6. klo 12-18.\u00a0<\/p><p>Tervetuloa n\u00e4yttelyyn!<\/p><\/div>\t\t\t\t\t\t\t\t<\/div>\n\t\t\t\t<\/div>\n\t\t\t\t\t<\/div>\n\t\t<\/div>\n\t\t\t\t\t<\/div>\n\t\t<\/section>\n\t\t\t\t<div class=\"elementor-element elementor-element-a299fa5 elementor-widget elementor-widget-spacer\" data-id=\"a299fa5\" data-element_type=\"widget\" data-e-type=\"widget\" data-widget_type=\"spacer.default\">\n\t\t\t\t<div class=\"elementor-widget-container\">\n\t\t\t\t\t\t\t<div class=\"elementor-spacer\">\n\t\t\t<div class=\"elementor-spacer-inner\"><\/div>\n\t\t<\/div>\n\t\t\t\t\t\t<\/div>\n\t\t\t\t<\/div>\n\t\t\t\t<div class=\"elementor-element elementor-element-e37e03b elementor-widget elementor-widget-text-editor\" data-id=\"e37e03b\" data-element_type=\"widget\" data-e-type=\"widget\" data-widget_type=\"text-editor.default\">\n\t\t\t\t<div class=\"elementor-widget-container\">\n\t\t\t\t\t\t\t\t\t<p><strong>Lumoavat sadut, EKKO-akvarellistien n\u00e4yttely<\/strong><\/p>\t\t\t\t\t\t\t\t<\/div>\n\t\t\t\t<\/div>\n\t\t\t\t<section class=\"elementor-section elementor-inner-section elementor-element elementor-element-b68dd7e elementor-section-boxed elementor-section-height-default elementor-section-height-default\" data-id=\"b68dd7e\" data-element_type=\"section\" data-e-type=\"section\">\n\t\t\t\t\t\t<div class=\"elementor-container elementor-column-gap-default\">\n\t\t\t\t\t<div class=\"elementor-column elementor-col-50 elementor-inner-column elementor-element elementor-element-3136a5e\" data-id=\"3136a5e\" data-element_type=\"column\" data-e-type=\"column\">\n\t\t\t<div class=\"elementor-widget-wrap elementor-element-populated\">\n\t\t\t\t\t\t<div class=\"elementor-element elementor-element-80205a0 elementor-widget elementor-widget-image\" data-id=\"80205a0\" data-element_type=\"widget\" data-e-type=\"widget\" data-widget_type=\"image.default\">\n\t\t\t\t<div class=\"elementor-widget-container\">\n\t\t\t\t\t\t\t\t\t\t\t\t\t\t\t<img decoding=\"async\" width=\"724\" height=\"1024\" src=\"https:\/\/lprkuvataidekoulu.fi\/wp-content\/uploads\/2025\/06\/Lumoavat-sadut_kuvana-724x1024.jpg\" class=\"attachment-large size-large wp-image-2641\" alt=\"\" srcset=\"https:\/\/lprkuvataidekoulu.fi\/wp-content\/uploads\/2025\/06\/Lumoavat-sadut_kuvana-724x1024.jpg 724w, https:\/\/lprkuvataidekoulu.fi\/wp-content\/uploads\/2025\/06\/Lumoavat-sadut_kuvana-212x300.jpg 212w, https:\/\/lprkuvataidekoulu.fi\/wp-content\/uploads\/2025\/06\/Lumoavat-sadut_kuvana-768x1086.jpg 768w, https:\/\/lprkuvataidekoulu.fi\/wp-content\/uploads\/2025\/06\/Lumoavat-sadut_kuvana-1086x1536.jpg 1086w, https:\/\/lprkuvataidekoulu.fi\/wp-content\/uploads\/2025\/06\/Lumoavat-sadut_kuvana.jpg 1414w\" sizes=\"(max-width: 724px) 100vw, 724px\" \/>\t\t\t\t\t\t\t\t\t\t\t\t\t\t\t<\/div>\n\t\t\t\t<\/div>\n\t\t\t\t\t<\/div>\n\t\t<\/div>\n\t\t\t\t<div class=\"elementor-column elementor-col-50 elementor-inner-column elementor-element elementor-element-da5efcd\" data-id=\"da5efcd\" data-element_type=\"column\" data-e-type=\"column\">\n\t\t\t<div class=\"elementor-widget-wrap elementor-element-populated\">\n\t\t\t\t\t\t<div class=\"elementor-element elementor-element-573e501 elementor-widget elementor-widget-text-editor\" data-id=\"573e501\" data-element_type=\"widget\" data-e-type=\"widget\" data-widget_type=\"text-editor.default\">\n\t\t\t\t<div class=\"elementor-widget-container\">\n\t\t\t\t\t\t\t\t\t<p><strong>Lumoavat sadut &#8211; EKKO-akvarellistit<\/strong><\/p><div><b>13.-27.7.2025<\/b><\/div><div>\u00a0<\/div><div>N\u00e4yttely avoinna ma-pe klo 10-16, la-su klo 11-15<\/div><div>\u00a0<\/div><div><p>Taiden\u00e4yttely Lumoavat sadut esittelee teoksia Maire Pyyk\u00f6n akvarellimaalauksen kurssilaisilta ja juhlistaa osaltaan pian 20 vuotta t\u00e4ytt\u00e4v\u00e4\u00e4 Etel\u00e4-Karjalan kansalaisopistoa.\u00a0<\/p><\/div><div>N\u00e4yttelyn yhteydess\u00e4 j\u00e4rjestet\u00e4\u00e4n ty\u00f6n\u00e4yt\u00f6ksi\u00e4 19.-20.7.<\/div><div>\u00a0<\/div><div><span class=\"il\">EKKO<\/span>-akvarellistit on Etel\u00e4-Karjalan kansalaisopiston kuvataiteen opiskelijoista ja opettajista koostuva ryhm\u00e4, joka j\u00e4rjest\u00e4\u00e4 n\u00e4yttelyit\u00e4 vaihtuvalla kokoonpanolla. Ryhm\u00e4n tavoitteena on lis\u00e4t\u00e4 innostusta ja kiinnostusta akvarellimaalaukseen.\u00a0<\/div>\t\t\t\t\t\t\t\t<\/div>\n\t\t\t\t<\/div>\n\t\t\t\t\t<\/div>\n\t\t<\/div>\n\t\t\t\t\t<\/div>\n\t\t<\/section>\n\t\t\t\t<div class=\"elementor-element elementor-element-d3b847d elementor-widget elementor-widget-spacer\" data-id=\"d3b847d\" data-element_type=\"widget\" data-e-type=\"widget\" data-widget_type=\"spacer.default\">\n\t\t\t\t<div class=\"elementor-widget-container\">\n\t\t\t\t\t\t\t<div class=\"elementor-spacer\">\n\t\t\t<div class=\"elementor-spacer-inner\"><\/div>\n\t\t<\/div>\n\t\t\t\t\t\t<\/div>\n\t\t\t\t<\/div>\n\t\t\t\t<div class=\"elementor-element elementor-element-58157be elementor-widget elementor-widget-text-editor\" data-id=\"58157be\" data-element_type=\"widget\" data-e-type=\"widget\" data-widget_type=\"text-editor.default\">\n\t\t\t\t<div class=\"elementor-widget-container\">\n\t\t\t\t\t\t\t\t\t<p><strong>Luonto j\u00e4tt\u00e4\u00e4 j\u00e4ljen &#8211; KuvisNaiset-ryhm\u00e4n taiden\u00e4yttely<\/strong><\/p>\t\t\t\t\t\t\t\t<\/div>\n\t\t\t\t<\/div>\n\t\t\t\t<section class=\"elementor-section elementor-inner-section elementor-element elementor-element-00dc3db elementor-section-boxed elementor-section-height-default elementor-section-height-default\" data-id=\"00dc3db\" data-element_type=\"section\" data-e-type=\"section\">\n\t\t\t\t\t\t<div class=\"elementor-container elementor-column-gap-default\">\n\t\t\t\t\t<div class=\"elementor-column elementor-col-50 elementor-inner-column elementor-element elementor-element-b274dc1\" data-id=\"b274dc1\" data-element_type=\"column\" data-e-type=\"column\">\n\t\t\t<div class=\"elementor-widget-wrap elementor-element-populated\">\n\t\t\t\t\t\t<div class=\"elementor-element elementor-element-706ca58 elementor-widget elementor-widget-image\" data-id=\"706ca58\" data-element_type=\"widget\" data-e-type=\"widget\" data-widget_type=\"image.default\">\n\t\t\t\t<div class=\"elementor-widget-container\">\n\t\t\t\t\t\t\t\t\t\t\t\t\t\t\t<img loading=\"lazy\" decoding=\"async\" width=\"759\" height=\"1024\" src=\"https:\/\/lprkuvataidekoulu.fi\/wp-content\/uploads\/2025\/06\/nayttelyesite-759x1024.jpg\" class=\"attachment-large size-large wp-image-2642\" alt=\"\" srcset=\"https:\/\/lprkuvataidekoulu.fi\/wp-content\/uploads\/2025\/06\/nayttelyesite-759x1024.jpg 759w, https:\/\/lprkuvataidekoulu.fi\/wp-content\/uploads\/2025\/06\/nayttelyesite-222x300.jpg 222w, https:\/\/lprkuvataidekoulu.fi\/wp-content\/uploads\/2025\/06\/nayttelyesite-768x1037.jpg 768w, https:\/\/lprkuvataidekoulu.fi\/wp-content\/uploads\/2025\/06\/nayttelyesite-1138x1536.jpg 1138w, https:\/\/lprkuvataidekoulu.fi\/wp-content\/uploads\/2025\/06\/nayttelyesite-1517x2048.jpg 1517w, https:\/\/lprkuvataidekoulu.fi\/wp-content\/uploads\/2025\/06\/nayttelyesite.jpg 1837w\" sizes=\"(max-width: 759px) 100vw, 759px\" \/>\t\t\t\t\t\t\t\t\t\t\t\t\t\t\t<\/div>\n\t\t\t\t<\/div>\n\t\t\t\t\t<\/div>\n\t\t<\/div>\n\t\t\t\t<div class=\"elementor-column elementor-col-50 elementor-inner-column elementor-element elementor-element-63a10f4\" data-id=\"63a10f4\" data-element_type=\"column\" data-e-type=\"column\">\n\t\t\t<div class=\"elementor-widget-wrap elementor-element-populated\">\n\t\t\t\t\t\t<div class=\"elementor-element elementor-element-2d5e467 elementor-widget elementor-widget-text-editor\" data-id=\"2d5e467\" data-element_type=\"widget\" data-e-type=\"widget\" data-widget_type=\"text-editor.default\">\n\t\t\t\t<div class=\"elementor-widget-container\">\n\t\t\t\t\t\t\t\t\t<p><strong>Luonto j\u00e4tt\u00e4\u00e4 j\u00e4ljen &#8211; KuvisNaiset<\/strong><\/p><div><b>13.-27.7.2025<\/b><\/div><div>\u00a0<\/div><div>N\u00e4yttely avoinna ma-pe klo 10-16, la-su klo 11-15<\/div><div>\u00a0<\/div><div><p>KuvisNaiset on Lappeenrannan kuvataidekoulun aikuisopiskelijoista muodostunut ryhm\u00e4, joka on jatkanut taiteen tekoa ja yhteydenpitoa koulun j\u00e4lkeenkin. <em>Luonto j\u00e4tt\u00e4\u00e4 j\u00e4ljen<\/em> on ryhm\u00e4n ensimm\u00e4inen oma n\u00e4yttely, jossa on mukana viisi ryhm\u00e4n kuudesta j\u00e4senest\u00e4. N\u00e4yttelyn valmisteluun kulunut vuosi on pit\u00e4nyt sis\u00e4ll\u00e4\u00e4n taideteosten ty\u00f6st\u00f6n lis\u00e4ksi my\u00f6s vilkasta keskustelua teemoista sek\u00e4 n\u00e4yttelyss\u00e4 monipuolisesti edustettuna olevista tekniikoista.\u00a0<\/p><p>N\u00e4yttelyyn osallistuvat KuvisNaiset ovat Heli H\u00e4t\u00f6nen, Eliisa Kivist\u00f6, Leena Klemi, Helene Mentula ja Pirjo Pentik\u00e4inen.<\/p><\/div>\t\t\t\t\t\t\t\t<\/div>\n\t\t\t\t<\/div>\n\t\t\t\t\t<\/div>\n\t\t<\/div>\n\t\t\t\t\t<\/div>\n\t\t<\/section>\n\t\t\t\t<div class=\"elementor-element elementor-element-adecaef elementor-widget elementor-widget-spacer\" data-id=\"adecaef\" data-element_type=\"widget\" data-e-type=\"widget\" data-widget_type=\"spacer.default\">\n\t\t\t\t<div class=\"elementor-widget-container\">\n\t\t\t\t\t\t\t<div class=\"elementor-spacer\">\n\t\t\t<div class=\"elementor-spacer-inner\"><\/div>\n\t\t<\/div>\n\t\t\t\t\t\t<\/div>\n\t\t\t\t<\/div>\n\t\t\t\t\t<\/div>\n\t\t<\/div>\n\t\t\t\t\t<\/div>\n\t\t<\/section>\n\t\t\t\t<\/div>\n\t\t","protected":false},"excerpt":{"rendered":"<p>N\u00e4yttelyt ja tapahtumat Kes\u00e4isin Lappeenrannan kuvataidekoulun alakerran opetustilat muuntuvat Galleria Linnoitukseksi, miss\u00e4 on kolme erillist\u00e4 galleriatilaa. N\u00e4yttelyihin on vapaa p\u00e4\u00e4sy. Kes\u00e4n 2025 n\u00e4ytteilleasettajat on valittu!\u00a0N\u00e4yttelytilojen vuokrauksesta lis\u00e4\u00e4 oheisesta linkist\u00e4 Tilojen vuokraus 2025 Lappeenrannan Akvarellitiimin 20-vuotisjuhlan\u00e4yttely &amp; Pirkko-Liisa Inkisen puupiirroksia Lappeenrannan Akvarellitiimin 20-vuotisjuhlan\u00e4yttely\u00a0&amp; Pirkko-Liisa Inkisen puupiirroksia 27.6.-11.7.2025 N\u00e4yttely avoinna ma-pe klo 12-18, la-su klo 12-16 Galleria [&hellip;]<\/p>\n","protected":false},"author":2,"featured_media":0,"parent":8,"menu_order":0,"comment_status":"closed","ping_status":"closed","template":"","meta":{"footnotes":""},"class_list":["post-1199","page","type-page","status-publish","hentry"],"_links":{"self":[{"href":"https:\/\/lprkuvataidekoulu.fi\/index.php?rest_route=\/wp\/v2\/pages\/1199","targetHints":{"allow":["GET"]}}],"collection":[{"href":"https:\/\/lprkuvataidekoulu.fi\/index.php?rest_route=\/wp\/v2\/pages"}],"about":[{"href":"https:\/\/lprkuvataidekoulu.fi\/index.php?rest_route=\/wp\/v2\/types\/page"}],"author":[{"embeddable":true,"href":"https:\/\/lprkuvataidekoulu.fi\/index.php?rest_route=\/wp\/v2\/users\/2"}],"replies":[{"embeddable":true,"href":"https:\/\/lprkuvataidekoulu.fi\/index.php?rest_route=%2Fwp%2Fv2%2Fcomments&post=1199"}],"version-history":[{"count":20,"href":"https:\/\/lprkuvataidekoulu.fi\/index.php?rest_route=\/wp\/v2\/pages\/1199\/revisions"}],"predecessor-version":[{"id":2653,"href":"https:\/\/lprkuvataidekoulu.fi\/index.php?rest_route=\/wp\/v2\/pages\/1199\/revisions\/2653"}],"up":[{"embeddable":true,"href":"https:\/\/lprkuvataidekoulu.fi\/index.php?rest_route=\/wp\/v2\/pages\/8"}],"wp:attachment":[{"href":"https:\/\/lprkuvataidekoulu.fi\/index.php?rest_route=%2Fwp%2Fv2%2Fmedia&parent=1199"}],"curies":[{"name":"wp","href":"https:\/\/api.w.org\/{rel}","templated":true}]}}