{"id":13,"date":"2020-02-25T17:44:19","date_gmt":"2020-02-25T17:44:19","guid":{"rendered":"https:\/\/lprkuvataidekoulu.fi\/?page_id=13"},"modified":"2026-01-20T13:43:46","modified_gmt":"2026-01-20T13:43:46","slug":"opinnot","status":"publish","type":"page","link":"https:\/\/lprkuvataidekoulu.fi\/?page_id=13","title":{"rendered":"Vauvat ja taaperot"},"content":{"rendered":"\t\t<div data-elementor-type=\"wp-page\" data-elementor-id=\"13\" class=\"elementor elementor-13\" data-elementor-post-type=\"page\">\n\t\t\t\t\t\t<section class=\"elementor-section elementor-top-section elementor-element elementor-element-bc75e3c elementor-section-boxed elementor-section-height-default elementor-section-height-default\" data-id=\"bc75e3c\" data-element_type=\"section\" data-e-type=\"section\">\n\t\t\t\t\t\t<div class=\"elementor-container elementor-column-gap-default\">\n\t\t\t\t\t<div class=\"elementor-column elementor-col-50 elementor-top-column elementor-element elementor-element-5e5663e\" data-id=\"5e5663e\" data-element_type=\"column\" data-e-type=\"column\">\n\t\t\t<div class=\"elementor-widget-wrap elementor-element-populated\">\n\t\t\t\t\t\t<div class=\"elementor-element elementor-element-42a1c03 elementor-widget elementor-widget-image\" data-id=\"42a1c03\" data-element_type=\"widget\" data-e-type=\"widget\" data-widget_type=\"image.default\">\n\t\t\t\t<div class=\"elementor-widget-container\">\n\t\t\t\t\t\t\t\t\t\t\t\t\t\t\t<img fetchpriority=\"high\" decoding=\"async\" width=\"500\" height=\"669\" src=\"https:\/\/lprkuvataidekoulu.fi\/wp-content\/uploads\/2020\/05\/vauvat2.jpg\" class=\"attachment-large size-large wp-image-332\" alt=\"\" srcset=\"https:\/\/lprkuvataidekoulu.fi\/wp-content\/uploads\/2020\/05\/vauvat2.jpg 500w, https:\/\/lprkuvataidekoulu.fi\/wp-content\/uploads\/2020\/05\/vauvat2-224x300.jpg 224w\" sizes=\"(max-width: 500px) 100vw, 500px\" \/>\t\t\t\t\t\t\t\t\t\t\t\t\t\t\t<\/div>\n\t\t\t\t<\/div>\n\t\t\t\t\t<\/div>\n\t\t<\/div>\n\t\t\t\t<div class=\"elementor-column elementor-col-50 elementor-top-column elementor-element elementor-element-1cff6ff\" data-id=\"1cff6ff\" data-element_type=\"column\" data-e-type=\"column\" data-settings=\"{&quot;background_background&quot;:&quot;classic&quot;}\">\n\t\t\t<div class=\"elementor-widget-wrap elementor-element-populated\">\n\t\t\t\t\t\t<div class=\"elementor-element elementor-element-7a7d2b7 elementor-widget elementor-widget-heading\" data-id=\"7a7d2b7\" data-element_type=\"widget\" data-e-type=\"widget\" data-widget_type=\"heading.default\">\n\t\t\t\t<div class=\"elementor-widget-container\">\n\t\t\t\t\t<h2 class=\"elementor-heading-title elementor-size-default\">Vauvojen JA TAAPEROIDEN v\u00e4rikylVYT<\/h2>\t\t\t\t<\/div>\n\t\t\t\t<\/div>\n\t\t\t\t<div class=\"elementor-element elementor-element-8010954 elementor-widget-divider--view-line elementor-widget elementor-widget-divider\" data-id=\"8010954\" data-element_type=\"widget\" data-e-type=\"widget\" data-widget_type=\"divider.default\">\n\t\t\t\t<div class=\"elementor-widget-container\">\n\t\t\t\t\t\t\t<div class=\"elementor-divider\">\n\t\t\t<span class=\"elementor-divider-separator\">\n\t\t\t\t\t\t<\/span>\n\t\t<\/div>\n\t\t\t\t\t\t<\/div>\n\t\t\t\t<\/div>\n\t\t\t\t<div class=\"elementor-element elementor-element-fb715ac elementor-widget elementor-widget-button\" data-id=\"fb715ac\" data-element_type=\"widget\" data-e-type=\"widget\" data-widget_type=\"button.default\">\n\t\t\t\t<div class=\"elementor-widget-container\">\n\t\t\t\t\t\t\t\t\t<div class=\"elementor-button-wrapper\">\n\t\t\t\t\t<a class=\"elementor-button elementor-button-link elementor-size-sm\" href=\"https:\/\/lprkuvis.eepos.fi\/#\/forms\/53\">\n\t\t\t\t\t\t<span class=\"elementor-button-content-wrapper\">\n\t\t\t\t\t\t\t\t\t<span class=\"elementor-button-text\">Ilmoittaudu t\u00e4st\u00e4!<\/span>\n\t\t\t\t\t<\/span>\n\t\t\t\t\t<\/a>\n\t\t\t\t<\/div>\n\t\t\t\t\t\t\t\t<\/div>\n\t\t\t\t<\/div>\n\t\t\t\t<div class=\"elementor-element elementor-element-93baf81 elementor-widget elementor-widget-text-editor\" data-id=\"93baf81\" data-element_type=\"widget\" data-e-type=\"widget\" data-widget_type=\"text-editor.default\">\n\t\t\t\t<div class=\"elementor-widget-container\">\n\t\t\t\t\t\t\t\t\t<p>Vauvojen\/pikkutaaperoiden v\u00e4rikylpy<strong>\u00a0<\/strong>6 kk\u20132-vuotiaat, huoltajan kanssa. <br \/>Omat ryhm\u00e4t vauvoille 6-12kk ja pikkutaaperoille 18-24kk.<\/p><p><strong>Ohjaajana ryhmiss\u00e4 v\u00e4rikylpyohjaaja Anni Pellikka\u00a0<\/strong><\/p><p>Vauvojen v\u00e4rikylvyn ohjaajalla tulee olla suoritettu erillinen koulutus, jonka kuvataidekoulun opettaja Anni Pellikka on suorittanut Porin lastenkulttuurikeskuksessa.<\/p>\t\t\t\t\t\t\t\t<\/div>\n\t\t\t\t<\/div>\n\t\t\t\t<div class=\"elementor-element elementor-element-80caf0f elementor-widget elementor-widget-text-editor\" data-id=\"80caf0f\" data-element_type=\"widget\" data-e-type=\"widget\" data-widget_type=\"text-editor.default\">\n\t\t\t\t<div class=\"elementor-widget-container\">\n\t\t\t\t\t\t\t\t\t<h5><strong>Vauvojen v\u00e4rikylpy 6\u201312 kk ik\u00e4isille<\/strong><\/h5>\t\t\t\t\t\t\t\t<\/div>\n\t\t\t\t<\/div>\n\t\t\t\t<div class=\"elementor-element elementor-element-baacc2f elementor-widget__width-initial elementor-widget elementor-widget-text-editor\" data-id=\"baacc2f\" data-element_type=\"widget\" data-e-type=\"widget\" data-widget_type=\"text-editor.default\">\n\t\t\t\t<div class=\"elementor-widget-container\">\n\t\t\t\t\t\t\t\t\t<p class=\"p2\">Vauvojen v\u00e4rikylpy on s\u00e4\u00e4nn\u00f6llist\u00e4 ja johdonmukaista kuvataidetoimintaa, jossa tutustutaan moniaistisesti ja lapsil\u00e4ht\u00f6isesti v\u00e4rien maailmaan.<\/p><p><strong>Kev\u00e4\u00e4ll\u00e4 2026 <\/strong><strong>Vauvojen v\u00e4rikylpy 6-12 kk<\/strong><\/p><p><strong>torstaisin 9.4., 23.4. ja 7.5.<\/strong><strong>\u00a0<\/strong><strong>klo 17.30-18.15<\/strong><\/p><p>Ryhm\u00e4 kokoontuu kuvataidekoululla kolme kertaa ja ilmoittautuminen on sitova kaikille kolmelle opetuskerralle. <br \/><strong>Hinta 52 \u20ac\/3krt.<\/strong><\/p><p>Ty\u00f6pajassa edet\u00e4\u00e4n v\u00e4rien tarkastelusta ja erilaisten materiaalien tunnustelusta itse tehtyyn j\u00e4lkeen. Ty\u00f6skentely perustuu turvallisiin materiaaleihin ja turvalliseen ymp\u00e4rist\u00f6\u00f6n.<\/p><p>Toiminta on suunniteltu 6-12 kuukauden ik\u00e4isille ja keskittyy vauvan kokemus- ja kokemismaailmaan. Leikki, materiaaleihin tutustuminen, hetkest\u00e4 nauttiminen, tekemisen prosessi ja vuorovaikutus ovat toiminnan keski\u00f6ss\u00e4. Jokainen lapsi saa osallistua taidety\u00f6skentelyyn omalla tavallaan.\u00a0<\/p>\t\t\t\t\t\t\t\t<\/div>\n\t\t\t\t<\/div>\n\t\t\t\t<div class=\"elementor-element elementor-element-afbbc36 elementor-widget elementor-widget-text-editor\" data-id=\"afbbc36\" data-element_type=\"widget\" data-e-type=\"widget\" data-widget_type=\"text-editor.default\">\n\t\t\t\t<div class=\"elementor-widget-container\">\n\t\t\t\t\t\t\t\t\t<h5><strong>Pikkutaaperoiden v\u00e4rikylpy n. 18\u201324 kk ik\u00e4isille<\/strong><\/h5>\t\t\t\t\t\t\t\t<\/div>\n\t\t\t\t<\/div>\n\t\t\t\t<div class=\"elementor-element elementor-element-27231df elementor-widget elementor-widget-text-editor\" data-id=\"27231df\" data-element_type=\"widget\" data-e-type=\"widget\" data-widget_type=\"text-editor.default\">\n\t\t\t\t<div class=\"elementor-widget-container\">\n\t\t\t\t\t\t\t\t\t<p>Pikkutaaperoiden v\u00e4rikylvyss\u00e4 k\u00e4ytett\u00e4v\u00e4t materiaalit ovat yleisesti suuhun sopivia ja turvallisia. Vauva tutkii ja tutustuu maailmaan my\u00f6s suullaan eik\u00e4 kaikki suuhun laittaminen ole sy\u00f6mist\u00e4. Materiaaleina k\u00e4ytet\u00e4\u00e4n esimerkiksi kiisseleit\u00e4, mehuja, soseita, kuin my\u00f6s kankaita ja papereja. Materiaaleihin suhtaudutaan v\u00e4rein\u00e4 ja v\u00e4linein\u00e4, ei ruokana ja materiaalien sy\u00f6minen ei ole itse tarkoitus.\u00a0<\/p>\t\t\t\t\t\t\t\t<\/div>\n\t\t\t\t<\/div>\n\t\t\t\t\t<\/div>\n\t\t<\/div>\n\t\t\t\t\t<\/div>\n\t\t<\/section>\n\t\t\t\t<\/div>\n\t\t","protected":false},"excerpt":{"rendered":"<p>Vauvojen JA TAAPEROIDEN v\u00e4rikylVYT Ilmoittaudu t\u00e4st\u00e4! Vauvojen\/pikkutaaperoiden v\u00e4rikylpy\u00a06 kk\u20132-vuotiaat, huoltajan kanssa. Omat ryhm\u00e4t vauvoille 6-12kk ja pikkutaaperoille 18-24kk. Ohjaajana ryhmiss\u00e4 v\u00e4rikylpyohjaaja Anni Pellikka\u00a0 Vauvojen v\u00e4rikylvyn ohjaajalla tulee olla suoritettu erillinen koulutus, jonka kuvataidekoulun opettaja Anni Pellikka on suorittanut Porin lastenkulttuurikeskuksessa. Vauvojen v\u00e4rikylpy 6\u201312 kk ik\u00e4isille Vauvojen v\u00e4rikylpy on s\u00e4\u00e4nn\u00f6llist\u00e4 ja johdonmukaista kuvataidetoimintaa, jossa tutustutaan moniaistisesti [&hellip;]<\/p>\n","protected":false},"author":1,"featured_media":0,"parent":0,"menu_order":0,"comment_status":"closed","ping_status":"closed","template":"","meta":{"footnotes":""},"class_list":["post-13","page","type-page","status-publish","hentry"],"_links":{"self":[{"href":"https:\/\/lprkuvataidekoulu.fi\/index.php?rest_route=\/wp\/v2\/pages\/13","targetHints":{"allow":["GET"]}}],"collection":[{"href":"https:\/\/lprkuvataidekoulu.fi\/index.php?rest_route=\/wp\/v2\/pages"}],"about":[{"href":"https:\/\/lprkuvataidekoulu.fi\/index.php?rest_route=\/wp\/v2\/types\/page"}],"author":[{"embeddable":true,"href":"https:\/\/lprkuvataidekoulu.fi\/index.php?rest_route=\/wp\/v2\/users\/1"}],"replies":[{"embeddable":true,"href":"https:\/\/lprkuvataidekoulu.fi\/index.php?rest_route=%2Fwp%2Fv2%2Fcomments&post=13"}],"version-history":[{"count":20,"href":"https:\/\/lprkuvataidekoulu.fi\/index.php?rest_route=\/wp\/v2\/pages\/13\/revisions"}],"predecessor-version":[{"id":2845,"href":"https:\/\/lprkuvataidekoulu.fi\/index.php?rest_route=\/wp\/v2\/pages\/13\/revisions\/2845"}],"wp:attachment":[{"href":"https:\/\/lprkuvataidekoulu.fi\/index.php?rest_route=%2Fwp%2Fv2%2Fmedia&parent=13"}],"curies":[{"name":"wp","href":"https:\/\/api.w.org\/{rel}","templated":true}]}}