{"id":203,"date":"2020-02-27T13:04:16","date_gmt":"2020-02-27T13:04:16","guid":{"rendered":"https:\/\/lprkuvataidekoulu.fi\/?page_id=203"},"modified":"2020-05-18T11:34:45","modified_gmt":"2020-05-18T11:34:45","slug":"opinnot-lapset-ja-nuoret","status":"publish","type":"page","link":"https:\/\/lprkuvataidekoulu.fi\/?page_id=203","title":{"rendered":"Lapset ja nuoret"},"content":{"rendered":"\t\t<div data-elementor-type=\"wp-page\" data-elementor-id=\"203\" class=\"elementor elementor-203\" data-elementor-post-type=\"page\">\n\t\t\t\t\t\t<section class=\"elementor-section elementor-top-section elementor-element elementor-element-ecad872 elementor-section-boxed elementor-section-height-default elementor-section-height-default\" data-id=\"ecad872\" data-element_type=\"section\" data-e-type=\"section\">\n\t\t\t\t\t\t<div class=\"elementor-container elementor-column-gap-default\">\n\t\t\t\t\t<div class=\"elementor-column elementor-col-50 elementor-top-column elementor-element elementor-element-a1829e4\" data-id=\"a1829e4\" data-element_type=\"column\" data-e-type=\"column\">\n\t\t\t<div class=\"elementor-widget-wrap elementor-element-populated\">\n\t\t\t\t\t\t<div class=\"elementor-element elementor-element-d74ec19 elementor-widget elementor-widget-image\" data-id=\"d74ec19\" data-element_type=\"widget\" data-e-type=\"widget\" data-widget_type=\"image.default\">\n\t\t\t\t<div class=\"elementor-widget-container\">\n\t\t\t\t\t\t\t\t\t\t\t\t\t\t\t<img fetchpriority=\"high\" decoding=\"async\" width=\"500\" height=\"669\" src=\"https:\/\/lprkuvataidekoulu.fi\/wp-content\/uploads\/2020\/05\/poro_peili.jpg\" class=\"attachment-large size-large wp-image-450\" alt=\"\" srcset=\"https:\/\/lprkuvataidekoulu.fi\/wp-content\/uploads\/2020\/05\/poro_peili.jpg 500w, https:\/\/lprkuvataidekoulu.fi\/wp-content\/uploads\/2020\/05\/poro_peili-224x300.jpg 224w\" sizes=\"(max-width: 500px) 100vw, 500px\" \/>\t\t\t\t\t\t\t\t\t\t\t\t\t\t\t<\/div>\n\t\t\t\t<\/div>\n\t\t\t\t\t<\/div>\n\t\t<\/div>\n\t\t\t\t<div class=\"elementor-column elementor-col-50 elementor-top-column elementor-element elementor-element-b88615e\" data-id=\"b88615e\" data-element_type=\"column\" data-e-type=\"column\" data-settings=\"{&quot;background_background&quot;:&quot;classic&quot;}\">\n\t\t\t<div class=\"elementor-widget-wrap elementor-element-populated\">\n\t\t\t\t\t\t<div class=\"elementor-element elementor-element-d904f46 elementor-widget elementor-widget-heading\" data-id=\"d904f46\" data-element_type=\"widget\" data-e-type=\"widget\" data-widget_type=\"heading.default\">\n\t\t\t\t<div class=\"elementor-widget-container\">\n\t\t\t\t\t<h2 class=\"elementor-heading-title elementor-size-default\">TAITEEN PERUSOPETUS - \nLasten ja nuorten opetus<\/h2>\t\t\t\t<\/div>\n\t\t\t\t<\/div>\n\t\t\t\t<div class=\"elementor-element elementor-element-4c8931d elementor-widget-divider--view-line elementor-widget elementor-widget-divider\" data-id=\"4c8931d\" data-element_type=\"widget\" data-e-type=\"widget\" data-widget_type=\"divider.default\">\n\t\t\t\t<div class=\"elementor-widget-container\">\n\t\t\t\t\t\t\t<div class=\"elementor-divider\">\n\t\t\t<span class=\"elementor-divider-separator\">\n\t\t\t\t\t\t<\/span>\n\t\t<\/div>\n\t\t\t\t\t\t<\/div>\n\t\t\t\t<\/div>\n\t\t\t\t<div class=\"elementor-element elementor-element-3a303ea elementor-widget elementor-widget-text-editor\" data-id=\"3a303ea\" data-element_type=\"widget\" data-e-type=\"widget\" data-widget_type=\"text-editor.default\">\n\t\t\t\t<div class=\"elementor-widget-container\">\n\t\t\t\t\t\t\t\t\t<p><strong>Varhaisi\u00e4n kuvataidekasvatus 3\u20136 <\/strong>&#8211;<strong>vuotiaat<\/strong><\/p>\t\t\t\t\t\t\t\t<\/div>\n\t\t\t\t<\/div>\n\t\t\t\t<div class=\"elementor-element elementor-element-82e600f elementor-widget elementor-widget-text-editor\" data-id=\"82e600f\" data-element_type=\"widget\" data-e-type=\"widget\" data-widget_type=\"text-editor.default\">\n\t\t\t\t<div class=\"elementor-widget-container\">\n\t\t\t\t\t\t\t\t\t<p>Varhaisi\u00e4n opinnoissa kuvataidetta ja visuaalista maailmaa l\u00e4hestyt\u00e4\u00e4n leikinomaisin keinoin. Lapsen aktiivista toimijuutta ja moniaistista suhdetta maailmaan vahvistetaan ja lasta rohkaistaan kokeilemaan. Opetus kannustaa iloitsemaan omasta ja toisten ty\u00f6st\u00e4 sek\u00e4 toimimaan ryhm\u00e4ss\u00e4 muut huomioiden. Motorisia taitoja ja pitk\u00e4j\u00e4nteisyytt\u00e4 harjoitellaan kokeilemalla vaihtelevia ty\u00f6tapoja ja v\u00e4lineit\u00e4.<\/p><p><strong>Varhaisi\u00e4n kuvataidekasvatuksen opintoryhm\u00e4t:<\/strong><\/p><ul><li><strong>TaaperoKuvis<\/strong> 3\u20134 -vuotiaat, huoltajan kanssa<\/li><li><strong>ViskariKuvis<\/strong> 5 -vuotiaat<\/li><li><strong>EskariKuvis<\/strong> 6 -vuotiaat<\/li><\/ul>\t\t\t\t\t\t\t\t<\/div>\n\t\t\t\t<\/div>\n\t\t\t\t<div class=\"elementor-element elementor-element-b23cfed elementor-widget-divider--view-line elementor-widget elementor-widget-divider\" data-id=\"b23cfed\" data-element_type=\"widget\" data-e-type=\"widget\" data-widget_type=\"divider.default\">\n\t\t\t\t<div class=\"elementor-widget-container\">\n\t\t\t\t\t\t\t<div class=\"elementor-divider\">\n\t\t\t<span class=\"elementor-divider-separator\">\n\t\t\t\t\t\t<\/span>\n\t\t<\/div>\n\t\t\t\t\t\t<\/div>\n\t\t\t\t<\/div>\n\t\t\t\t<div class=\"elementor-element elementor-element-b01829d elementor-widget elementor-widget-text-editor\" data-id=\"b01829d\" data-element_type=\"widget\" data-e-type=\"widget\" data-widget_type=\"text-editor.default\">\n\t\t\t\t<div class=\"elementor-widget-container\">\n\t\t\t\t\t\t\t\t\t<p><strong>Perusopinnot 7\u201314 <\/strong>&#8211;<strong>vuotiaat<\/strong><\/p>\t\t\t\t\t\t\t\t<\/div>\n\t\t\t\t<\/div>\n\t\t\t\t<div class=\"elementor-element elementor-element-bceb95e elementor-widget elementor-widget-text-editor\" data-id=\"bceb95e\" data-element_type=\"widget\" data-e-type=\"widget\" data-widget_type=\"text-editor.default\">\n\t\t\t\t<div class=\"elementor-widget-container\">\n\t\t\t\t\t\t\t\t\t<p>Kuvataiteen perusopintojen tarkoituksena on oppilaan kuvataiteellisen ajattelun ja ilmaisun tavoitteellinen ja pitk\u00e4j\u00e4nteinen kehitt\u00e4minen.<\/p><p>Perusopinnot koostuvat kolmesta opintokokonaisuudesta. Opinnoissa edet\u00e4\u00e4n Kuvataiteen perusteet I (sis. Kuvis 1 ja -2 -ryhmien opinnot) opintokokonaisuudesta Kuvataiteen perusteet II (sis. Kuvis 3 &#8211; 5 -ryhmien opinnot) opintokokonaisuuteen. Viimeisen\u00e4 opiskellaan Perusopintojen ty\u00f6pajaopintoja (sis. Kuvis 6 ja -7 -ryhmien opinnot). Perusopinnot voi suorittaa seitsem\u00e4ss\u00e4 lukuvuodessa, jonka j\u00e4lkeen opintoja jatketaan syvent\u00e4vis\u00e4 opinnoissa.<\/p><p>&#8212;&#8211;<\/p><h5><strong>Kuvataiteen perusteet I<\/strong><\/h5><p><strong>Kuvis 1<\/strong> (7\u20138 -v:lle) ja <strong>Kuvis 2<\/strong> (8\u20139 -v:lle) -ryhm\u00e4n opinnot.<\/p><p>Opintokokonaisuudessa pyrit\u00e4\u00e4n her\u00e4tt\u00e4m\u00e4\u00e4n oppilaan kiinnostus ja ilo taiteen tekemiseen ja kokemiseen. Opetuksessa keskityt\u00e4\u00e4n monipuolisesti kuvataiteen eri osa-alueisiin, perustekniikoihin ja v\u00e4lineisiin erilaisten harjoitusten kautta.<\/p><p>&#8212;&#8211;<\/p><h5><strong>Kuvataiteen perusteet II<\/strong><\/h5><p><strong>Kuvis 3<\/strong> (9\u201310 -v:lle), <strong>Kuvis 4<\/strong> (10\u201311 -v:lle) ja <strong>Kuvis 5<\/strong> (11\u201312 -v:lle) -ryhm\u00e4n opinnot.<\/p><p>Opintokokonaisuudessa harjoitellaan pitk\u00e4j\u00e4nteisemp\u00e4\u00e4 ty\u00f6skentely\u00e4 kuvataiteen eri osa-alueiden ja perustekniikoiden parissa. Teokset ovat isompia kooltaan ja\/tai toteutuksiltaan, ja niihin voidaan soveltaa useampaa sis\u00e4lt\u00f6aluetta samanaikaisesti. Ty\u00f6skentelyss\u00e4 kannustetaan kokeiluun sek\u00e4 erilaisiin tulkintoihin.<\/p><p>&#8212;&#8211;<\/p><h5><strong>Perusopintojen ty\u00f6pajat<\/strong><\/h5><p><strong>Kuvis 6<\/strong> (12\u201313 -v:lle) ja <strong>Kuvis 7<\/strong> (13\u201314 -v:lle) -ryhm\u00e4n opinnot.<\/p><p>Opintokokonaisuudessa syvennet\u00e4\u00e4n aiemmin opittuja sis\u00e4lt\u00f6j\u00e4 kuvataiteen eri osa-alueilla ty\u00f6skennellen. Ty\u00f6tavat ja oppimisymp\u00e4rist\u00f6t monipuolistuvat samalla kun oma kuvailmaisu kehittyy. Opetus muodostuu teemallisista jaksoista. Ty\u00f6skentelyss\u00e4 kannustetaan kokeilemiseen, improvisointiin ja sattuman hy\u00f6dynt\u00e4miseen.<\/p>\t\t\t\t\t\t\t\t<\/div>\n\t\t\t\t<\/div>\n\t\t\t\t<div class=\"elementor-element elementor-element-aae1105 elementor-widget-divider--view-line elementor-widget elementor-widget-divider\" data-id=\"aae1105\" data-element_type=\"widget\" data-e-type=\"widget\" data-widget_type=\"divider.default\">\n\t\t\t\t<div class=\"elementor-widget-container\">\n\t\t\t\t\t\t\t<div class=\"elementor-divider\">\n\t\t\t<span class=\"elementor-divider-separator\">\n\t\t\t\t\t\t<\/span>\n\t\t<\/div>\n\t\t\t\t\t\t<\/div>\n\t\t\t\t<\/div>\n\t\t\t\t<div class=\"elementor-element elementor-element-0a331d0 elementor-widget elementor-widget-text-editor\" data-id=\"0a331d0\" data-element_type=\"widget\" data-e-type=\"widget\" data-widget_type=\"text-editor.default\">\n\t\t\t\t<div class=\"elementor-widget-container\">\n\t\t\t\t\t\t\t\t\t<p><strong>Syvent\u00e4v\u00e4t opinnot 14\u201320 <\/strong>&#8211;<strong>vuotiaat<\/strong><\/p>\t\t\t\t\t\t\t\t<\/div>\n\t\t\t\t<\/div>\n\t\t\t\t<div class=\"elementor-element elementor-element-de8b309 elementor-widget elementor-widget-text-editor\" data-id=\"de8b309\" data-element_type=\"widget\" data-e-type=\"widget\" data-widget_type=\"text-editor.default\">\n\t\t\t\t<div class=\"elementor-widget-container\">\n\t\t\t\t\t\t\t\t\t<p>Kuvataiteen syvent\u00e4viss\u00e4 opinnoissa keskityt\u00e4\u00e4n kuvallisen ajattelun ja ilmaisun syvent\u00e4miseen. Opinnoissa korostuu pitk\u00e4j\u00e4nteinen ja itsen\u00e4inen ty\u00f6skentely sek\u00e4 kyky syvent\u00e4\u00e4 ja soveltaa aiemmin opittua.<\/p><p>Syvent\u00e4viin opintoihin kuuluu kolme opintokokonaisuutta; Ty\u00f6pajaopinnot valitussa ty\u00f6pajassa, joissa opiskellaan v\u00e4hint\u00e4\u00e4n 2 lukuvuotta, Lyhytkurssit, joita voi suorittaa ty\u00f6pajaopintojen rinnalla ja P\u00e4\u00e4tt\u00f6ty\u00f6opinnot opintojen loppuvaiheessa, kun oppilas haluaa tehd\u00e4 lopputy\u00f6n.<\/p><p>&#8212;&#8211;<\/p><h5><strong>Ty\u00f6pajaopinnot<\/strong><\/h5><p><strong>\u00a02\u20136 lukuvuotta<\/strong><\/p><p>Opintokokonaisuuteen kuuluu v\u00e4hint\u00e4\u00e4n kaksi lukuvuotta ty\u00f6pajaopintoja oppilaan valitsemassa ty\u00f6pajassa, kun oppilas on suorittanut kuvataiteen perusopinnot (Kuvis 1 &#8211; Kuvis 7 -opinnot, joiden laskennallinen laajuus on 800 tuntia). Ty\u00f6pajatarjonta voi vaihdella lukuvuosittain oppilaiden kiinnostuksen mukaan. Valitussa ty\u00f6pajassa opiskellaan lukuvuosi kerrallaan.<\/p><p>Jos opiskelija aloittaa kuvataideopinnot kuvataidekoulussa vasta syvent\u00e4vist\u00e4 opinnoista ja haluaa tehd\u00e4 p\u00e4\u00e4tt\u00f6ty\u00f6n, ty\u00f6pajaopintoja tulee opiskella kauemmin *tarkemmat ohjeet koululta.<\/p><p>&#8212;&#8211;<\/p><h5><strong>Lyhytkurssit<\/strong><\/h5><p>Opintokokonaisuus koostuu v\u00e4hint\u00e4\u00e4n kolmesta opiskelijan valitsemasta lyhytkurssista, joita j\u00e4rjestet\u00e4\u00e4n kuvataiteen eri osa-alueilta joka vuosi. Lyhytkursseille osallistutaan ty\u00f6pajaopintojen ohessa. Yhden kurssin laajuus on 10-12 tuntia.<\/p><p>&#8212;&#8211;<\/p><h5><strong>P\u00e4\u00e4tt\u00f6ty\u00f6opinnot<\/strong>\u00a0<\/h5><p><strong>n. 1 lukuvuosi<\/strong><\/p><p>P\u00e4\u00e4ty\u00f6opinnot suoritetaan opiskelijan valitsemassa ty\u00f6pajassa. Opinnoissa oppilas p\u00e4\u00e4asiassa keskittyy yhden lukuvuoden ajan lopputy\u00f6n tekemiseen. Ty\u00f6skentely on itsen\u00e4ist\u00e4 ja vastuu ty\u00f6n etenemisest\u00e4 on oppilaalla. Lopputy\u00f6ss\u00e4 oppilas tuo esiin kuvataiteellista ajatteluaan ja ilmaisuaan sek\u00e4 hahmottaa niit\u00e4 suhteessa kuvataiteeseen tai muuhun visuaaliseen kulttuuriin. Lopputy\u00f6 muodostuu taiteellisesta ty\u00f6st\u00e4, ty\u00f6skentelyprosessin dokumentoinnista ja kirjallisesta osuudesta, miss\u00e4 oppilas my\u00f6s arvioi omaa ty\u00f6t\u00e4\u00e4n ja ty\u00f6skentely\u00e4\u00e4n.<\/p>\t\t\t\t\t\t\t\t<\/div>\n\t\t\t\t<\/div>\n\t\t\t\t\t<\/div>\n\t\t<\/div>\n\t\t\t\t\t<\/div>\n\t\t<\/section>\n\t\t\t\t<\/div>\n\t\t","protected":false},"excerpt":{"rendered":"<p>TAITEEN PERUSOPETUS &#8211; Lasten ja nuorten opetus Varhaisi\u00e4n kuvataidekasvatus 3\u20136 &#8211;vuotiaat Varhaisi\u00e4n opinnoissa kuvataidetta ja visuaalista maailmaa l\u00e4hestyt\u00e4\u00e4n leikinomaisin keinoin. Lapsen aktiivista toimijuutta ja moniaistista suhdetta maailmaan vahvistetaan ja lasta rohkaistaan kokeilemaan. Opetus kannustaa iloitsemaan omasta ja toisten ty\u00f6st\u00e4 sek\u00e4 toimimaan ryhm\u00e4ss\u00e4 muut huomioiden. Motorisia taitoja ja pitk\u00e4j\u00e4nteisyytt\u00e4 harjoitellaan kokeilemalla vaihtelevia ty\u00f6tapoja ja v\u00e4lineit\u00e4. Varhaisi\u00e4n [&hellip;]<\/p>\n","protected":false},"author":1,"featured_media":0,"parent":0,"menu_order":0,"comment_status":"closed","ping_status":"closed","template":"","meta":{"footnotes":""},"class_list":["post-203","page","type-page","status-publish","hentry"],"_links":{"self":[{"href":"https:\/\/lprkuvataidekoulu.fi\/index.php?rest_route=\/wp\/v2\/pages\/203","targetHints":{"allow":["GET"]}}],"collection":[{"href":"https:\/\/lprkuvataidekoulu.fi\/index.php?rest_route=\/wp\/v2\/pages"}],"about":[{"href":"https:\/\/lprkuvataidekoulu.fi\/index.php?rest_route=\/wp\/v2\/types\/page"}],"author":[{"embeddable":true,"href":"https:\/\/lprkuvataidekoulu.fi\/index.php?rest_route=\/wp\/v2\/users\/1"}],"replies":[{"embeddable":true,"href":"https:\/\/lprkuvataidekoulu.fi\/index.php?rest_route=%2Fwp%2Fv2%2Fcomments&post=203"}],"version-history":[{"count":25,"href":"https:\/\/lprkuvataidekoulu.fi\/index.php?rest_route=\/wp\/v2\/pages\/203\/revisions"}],"predecessor-version":[{"id":582,"href":"https:\/\/lprkuvataidekoulu.fi\/index.php?rest_route=\/wp\/v2\/pages\/203\/revisions\/582"}],"wp:attachment":[{"href":"https:\/\/lprkuvataidekoulu.fi\/index.php?rest_route=%2Fwp%2Fv2%2Fmedia&parent=203"}],"curies":[{"name":"wp","href":"https:\/\/api.w.org\/{rel}","templated":true}]}}