{"id":214,"date":"2020-02-27T13:30:49","date_gmt":"2020-02-27T13:30:49","guid":{"rendered":"https:\/\/lprkuvataidekoulu.fi\/?page_id=214"},"modified":"2021-08-06T07:10:48","modified_gmt":"2021-08-06T07:10:48","slug":"opinnot-aikuiset","status":"publish","type":"page","link":"https:\/\/lprkuvataidekoulu.fi\/?page_id=214","title":{"rendered":"Aikuiset"},"content":{"rendered":"\t\t<div data-elementor-type=\"wp-page\" data-elementor-id=\"214\" class=\"elementor elementor-214\" data-elementor-post-type=\"page\">\n\t\t\t\t\t\t<section class=\"elementor-section elementor-top-section elementor-element elementor-element-61d9dbf elementor-section-boxed elementor-section-height-default elementor-section-height-default\" data-id=\"61d9dbf\" data-element_type=\"section\" data-e-type=\"section\">\n\t\t\t\t\t\t<div class=\"elementor-container elementor-column-gap-default\">\n\t\t\t\t\t<div class=\"elementor-column elementor-col-50 elementor-top-column elementor-element elementor-element-fa17172\" data-id=\"fa17172\" data-element_type=\"column\" data-e-type=\"column\">\n\t\t\t<div class=\"elementor-widget-wrap elementor-element-populated\">\n\t\t\t\t\t\t<div class=\"elementor-element elementor-element-2e12339 elementor-widget elementor-widget-image\" data-id=\"2e12339\" data-element_type=\"widget\" data-e-type=\"widget\" data-widget_type=\"image.default\">\n\t\t\t\t<div class=\"elementor-widget-container\">\n\t\t\t\t\t\t\t\t\t\t\t\t\t\t\t<img fetchpriority=\"high\" decoding=\"async\" width=\"500\" height=\"669\" src=\"https:\/\/lprkuvataidekoulu.fi\/wp-content\/uploads\/2020\/03\/aikuisetpunainen.jpg\" class=\"attachment-large size-large wp-image-291\" alt=\"\" srcset=\"https:\/\/lprkuvataidekoulu.fi\/wp-content\/uploads\/2020\/03\/aikuisetpunainen.jpg 500w, https:\/\/lprkuvataidekoulu.fi\/wp-content\/uploads\/2020\/03\/aikuisetpunainen-224x300.jpg 224w\" sizes=\"(max-width: 500px) 100vw, 500px\" \/>\t\t\t\t\t\t\t\t\t\t\t\t\t\t\t<\/div>\n\t\t\t\t<\/div>\n\t\t\t\t\t<\/div>\n\t\t<\/div>\n\t\t\t\t<div class=\"elementor-column elementor-col-50 elementor-top-column elementor-element elementor-element-1b2e010\" data-id=\"1b2e010\" data-element_type=\"column\" data-e-type=\"column\" data-settings=\"{&quot;background_background&quot;:&quot;classic&quot;}\">\n\t\t\t<div class=\"elementor-widget-wrap elementor-element-populated\">\n\t\t\t\t\t\t<div class=\"elementor-element elementor-element-0c277df elementor-widget elementor-widget-heading\" data-id=\"0c277df\" data-element_type=\"widget\" data-e-type=\"widget\" data-widget_type=\"heading.default\">\n\t\t\t\t<div class=\"elementor-widget-container\">\n\t\t\t\t\t<h2 class=\"elementor-heading-title elementor-size-default\">TAITEEN PERUSOPETUS - Aikuiset<\/h2>\t\t\t\t<\/div>\n\t\t\t\t<\/div>\n\t\t\t\t<div class=\"elementor-element elementor-element-c8dfa56 elementor-widget-divider--view-line elementor-widget elementor-widget-divider\" data-id=\"c8dfa56\" data-element_type=\"widget\" data-e-type=\"widget\" data-widget_type=\"divider.default\">\n\t\t\t\t<div class=\"elementor-widget-container\">\n\t\t\t\t\t\t\t<div class=\"elementor-divider\">\n\t\t\t<span class=\"elementor-divider-separator\">\n\t\t\t\t\t\t<\/span>\n\t\t<\/div>\n\t\t\t\t\t\t<\/div>\n\t\t\t\t<\/div>\n\t\t\t\t<div class=\"elementor-element elementor-element-dc8e39d elementor-widget elementor-widget-text-editor\" data-id=\"dc8e39d\" data-element_type=\"widget\" data-e-type=\"widget\" data-widget_type=\"text-editor.default\">\n\t\t\t\t<div class=\"elementor-widget-container\">\n\t\t\t\t\t\t\t\t\t<h4><strong>Aikuisten perusopinnot<\/strong><\/h4>\t\t\t\t\t\t\t\t<\/div>\n\t\t\t\t<\/div>\n\t\t\t\t<div class=\"elementor-element elementor-element-f304f30 elementor-widget elementor-widget-text-editor\" data-id=\"f304f30\" data-element_type=\"widget\" data-e-type=\"widget\" data-widget_type=\"text-editor.default\">\n\t\t\t\t<div class=\"elementor-widget-container\">\n\t\t\t\t\t\t\t\t\t<p>Aikuisten perusopintojen tarkoituksena on oppilaan kuvataiteellisen ajattelun ja ilmaisun tavoitteellinen ja pitk\u00e4j\u00e4nteinen kehitt\u00e4minen.<\/p><p>Aikuisten perusopinnot koostuvat kolmesta opintokokonaisuudesta. Opinnoissa edet\u00e4\u00e4n opintokokonaisuudesta seuraavaan: Kuvataiteen perusteet (sis. AikuistenKuvis 1, 2 ja 3 -ryhmien opinnot) opintokokonaisuuden j\u00e4lkeen siirryt\u00e4\u00e4n Perusopintojen ty\u00f6pajaopintoihin (sis. AikuistenKuvis 4 ja 5 -ryhmien opinnot). Lyhytkursseja voi suorittaa ryhm\u00e4opintojen rinnalla. Perusopinnot voi suorittaa viidess\u00e4 lukuvuodessa, jonka j\u00e4lkeen opintoja voi jatkaa syvent\u00e4viss\u00e4 opinnoissa.<\/p><p>&#8212;&#8211;<\/p><h5><strong>Aikuisten kuvataiteen perusteet<\/strong><\/h5><p><strong>AikuistenKuvis 1<\/strong>, <strong>AikuistenKuvis 2<\/strong> ja <strong>AikuistenKuvis 3<\/strong> -ryhmien opinnot.<\/p><p>Yhden lukuvuoden opinnot koostuvat nelj\u00e4st\u00e4 eri jaksosta: piirustus, maalaus, kuvanveisto\/keramiikka ja grafiikka. Kukin jakso on laajuudeltaan 7 tai 8 opetuskertaa, osa-alueesta riippuen. Kontaktiopetuksen lis\u00e4ksi opintoihin sis\u00e4ltyy my\u00f6s itsen\u00e4ist\u00e4 opiskelua ja portfoliop\u00e4iv\u00e4kirjan ty\u00f6st\u00e4mist\u00e4.<\/p><p>&#8212;&#8211;<\/p><h5><strong>Aikuisten perusopintojen ty\u00f6pajat<\/strong><\/h5><p><strong>AikuistenKuvis 4 ja AikuistenKuvis 5 <\/strong>-ryhmien opinnot<\/p><p>Opintokokonaisuudessa syvennet\u00e4\u00e4n aiemmin opittuja sis\u00e4lt\u00f6j\u00e4 kuvataiteen eri osa-alueilla ty\u00f6skennellen. Ty\u00f6tavat ja oppimisymp\u00e4rist\u00f6t monipuolistuvat samalla kun oma kuvailmaisu kehittyy. Opetus muodostuu teemallisista jaksoista. Ty\u00f6skentelyss\u00e4 kannustetaan kokeilemiseen, improvisointiin ja sattuman hy\u00f6dynt\u00e4miseen.<\/p>\t\t\t\t\t\t\t\t<\/div>\n\t\t\t\t<\/div>\n\t\t\t\t<div class=\"elementor-element elementor-element-c2183cf elementor-widget-divider--view-line elementor-widget elementor-widget-divider\" data-id=\"c2183cf\" data-element_type=\"widget\" data-e-type=\"widget\" data-widget_type=\"divider.default\">\n\t\t\t\t<div class=\"elementor-widget-container\">\n\t\t\t\t\t\t\t<div class=\"elementor-divider\">\n\t\t\t<span class=\"elementor-divider-separator\">\n\t\t\t\t\t\t<\/span>\n\t\t<\/div>\n\t\t\t\t\t\t<\/div>\n\t\t\t\t<\/div>\n\t\t\t\t<div class=\"elementor-element elementor-element-59a8a08 elementor-widget elementor-widget-text-editor\" data-id=\"59a8a08\" data-element_type=\"widget\" data-e-type=\"widget\" data-widget_type=\"text-editor.default\">\n\t\t\t\t<div class=\"elementor-widget-container\">\n\t\t\t\t\t\t\t\t\t<h4><strong>Aikuisten syvent\u00e4v\u00e4t opinnot<\/strong><\/h4>\t\t\t\t\t\t\t\t<\/div>\n\t\t\t\t<\/div>\n\t\t\t\t<div class=\"elementor-element elementor-element-40547c5 elementor-widget elementor-widget-text-editor\" data-id=\"40547c5\" data-element_type=\"widget\" data-e-type=\"widget\" data-widget_type=\"text-editor.default\">\n\t\t\t\t<div class=\"elementor-widget-container\">\n\t\t\t\t\t\t\t\t\t<p>Aikuisten syvent\u00e4viss\u00e4 opinnoissa keskityt\u00e4\u00e4n kuvallisen ajattelun ja ilmaisun syvent\u00e4miseen omien tavoitteiden suuntaisesti. Opinnoissa korostuu pitk\u00e4j\u00e4nteinen ja itsen\u00e4inen ty\u00f6skentely sek\u00e4 kyky syvent\u00e4\u00e4 ja soveltaa aiemmin opittua.<\/p><p>Syvent\u00e4viin opintoihin kuuluu kolme opintokokonaisuutta; ty\u00f6pajaopinnot valitussa ty\u00f6pajassa, joissa opiskellaan v\u00e4hint\u00e4\u00e4n 2 lukuvuotta, lyhytkurssit, joita voi suorittaa ty\u00f6pajaopintojen rinnalla ja p\u00e4\u00e4tt\u00f6ty\u00f6opinnot opintojen loppuvaiheessa, kun oppilas haluaa tehd\u00e4 lopputy\u00f6n.<\/p><p>&#8212;&#8211;<\/p><h5><strong>Ty\u00f6pajaopinnot<\/strong><\/h5><p><strong>2 lukuvuotta<\/strong><\/p><p>Opintokokonaisuuteen kuuluu v\u00e4hint\u00e4\u00e4n kaksi lukuvuotta ty\u00f6pajaopintoja oppilaan valitsemassa ty\u00f6pajassa, kun oppilas on suorittanut kuvataiteen perusopinnot (Perusopinnot= AikuistenKuvis 1 &#8211; AikuistenKuvis 5 -opinnot, joiden laskennallinen laajuus on 800 tuntia). Ty\u00f6pajan sis\u00e4lt\u00f6 voi vaihdella lukuvuosittain oppilaiden kiinnostuksen mukaan.<\/p><p>&#8212;&#8211;<\/p><h5><strong>Lyhytkurssit<\/strong><\/h5><p><strong>v\u00e4h. 3 lyhytkurssia<\/strong><\/p><p>Opintokokonaisuus koostuu v\u00e4hint\u00e4\u00e4n kolmesta opiskelijan valitsemasta lyhytkurssista, joita j\u00e4rjestet\u00e4\u00e4n kuvataiteen eri osa-alueilta joka vuosi. Lyhytkursseille osallistutaan ty\u00f6pajaopintojen ohessa. Yhden kurssin laajuus on 10-12 tuntia.<\/p><p>&#8212;&#8211;<\/p><h5><strong>P\u00e4\u00e4tt\u00f6ty\u00f6opinnot<\/strong><\/h5><p><strong> 1 lukuvuosi<\/strong><\/p><p>P\u00e4\u00e4ty\u00f6opinnot suoritetaan ty\u00f6pajassa. Opinnoissa oppilas keskittyy lopputy\u00f6n tekemiseen. Ty\u00f6skentely on itsen\u00e4ist\u00e4 ja vastuu ty\u00f6n etenemisest\u00e4 on oppilaalla. Lopputy\u00f6ss\u00e4 oppilas tuo esiin kuvataiteellista ajatteluaan ja ilmaisuaan sek\u00e4 hahmottaa niit\u00e4 suhteessa kuvataiteeseen tai muuhun visuaaliseen kulttuuriin. Lopputy\u00f6 muodostuu taiteellisesta ty\u00f6st\u00e4, ty\u00f6skentelyprosessin dokumentoinnista ja kirjallisesta osuudesta, miss\u00e4 oppilas my\u00f6s arvioi omaa ty\u00f6t\u00e4\u00e4n ja ty\u00f6skentely\u00e4\u00e4n.<\/p>\t\t\t\t\t\t\t\t<\/div>\n\t\t\t\t<\/div>\n\t\t\t\t\t<\/div>\n\t\t<\/div>\n\t\t\t\t\t<\/div>\n\t\t<\/section>\n\t\t\t\t<section class=\"elementor-section elementor-top-section elementor-element elementor-element-eafffc5 elementor-section-boxed elementor-section-height-default elementor-section-height-default\" data-id=\"eafffc5\" data-element_type=\"section\" data-e-type=\"section\">\n\t\t\t\t\t\t<div class=\"elementor-container elementor-column-gap-default\">\n\t\t\t\t\t<div class=\"elementor-column elementor-col-100 elementor-top-column elementor-element elementor-element-18f6872\" data-id=\"18f6872\" data-element_type=\"column\" data-e-type=\"column\">\n\t\t\t<div class=\"elementor-widget-wrap elementor-element-populated\">\n\t\t\t\t\t\t<div class=\"elementor-element elementor-element-a90df8b elementor-align-left elementor-widget elementor-widget-button\" data-id=\"a90df8b\" data-element_type=\"widget\" data-e-type=\"widget\" data-widget_type=\"button.default\">\n\t\t\t\t<div class=\"elementor-widget-container\">\n\t\t\t\t\t\t\t\t\t<div class=\"elementor-button-wrapper\">\n\t\t\t\t\t<a class=\"elementor-button elementor-button-link elementor-size-sm\" href=\"https:\/\/lprkuvis.eepos.fi\/#\/splash\">\n\t\t\t\t\t\t<span class=\"elementor-button-content-wrapper\">\n\t\t\t\t\t\t\t\t\t<span class=\"elementor-button-text\">Ilmoittautuminen<\/span>\n\t\t\t\t\t<\/span>\n\t\t\t\t\t<\/a>\n\t\t\t\t<\/div>\n\t\t\t\t\t\t\t\t<\/div>\n\t\t\t\t<\/div>\n\t\t\t\t\t<\/div>\n\t\t<\/div>\n\t\t\t\t\t<\/div>\n\t\t<\/section>\n\t\t\t\t<\/div>\n\t\t","protected":false},"excerpt":{"rendered":"<p>TAITEEN PERUSOPETUS &#8211; Aikuiset Aikuisten perusopinnot Aikuisten perusopintojen tarkoituksena on oppilaan kuvataiteellisen ajattelun ja ilmaisun tavoitteellinen ja pitk\u00e4j\u00e4nteinen kehitt\u00e4minen. Aikuisten perusopinnot koostuvat kolmesta opintokokonaisuudesta. Opinnoissa edet\u00e4\u00e4n opintokokonaisuudesta seuraavaan: Kuvataiteen perusteet (sis. AikuistenKuvis 1, 2 ja 3 -ryhmien opinnot) opintokokonaisuuden j\u00e4lkeen siirryt\u00e4\u00e4n Perusopintojen ty\u00f6pajaopintoihin (sis. AikuistenKuvis 4 ja 5 -ryhmien opinnot). Lyhytkursseja voi suorittaa ryhm\u00e4opintojen rinnalla. [&hellip;]<\/p>\n","protected":false},"author":1,"featured_media":0,"parent":0,"menu_order":0,"comment_status":"closed","ping_status":"closed","template":"","meta":{"footnotes":""},"class_list":["post-214","page","type-page","status-publish","hentry"],"_links":{"self":[{"href":"https:\/\/lprkuvataidekoulu.fi\/index.php?rest_route=\/wp\/v2\/pages\/214","targetHints":{"allow":["GET"]}}],"collection":[{"href":"https:\/\/lprkuvataidekoulu.fi\/index.php?rest_route=\/wp\/v2\/pages"}],"about":[{"href":"https:\/\/lprkuvataidekoulu.fi\/index.php?rest_route=\/wp\/v2\/types\/page"}],"author":[{"embeddable":true,"href":"https:\/\/lprkuvataidekoulu.fi\/index.php?rest_route=\/wp\/v2\/users\/1"}],"replies":[{"embeddable":true,"href":"https:\/\/lprkuvataidekoulu.fi\/index.php?rest_route=%2Fwp%2Fv2%2Fcomments&post=214"}],"version-history":[{"count":20,"href":"https:\/\/lprkuvataidekoulu.fi\/index.php?rest_route=\/wp\/v2\/pages\/214\/revisions"}],"predecessor-version":[{"id":1058,"href":"https:\/\/lprkuvataidekoulu.fi\/index.php?rest_route=\/wp\/v2\/pages\/214\/revisions\/1058"}],"wp:attachment":[{"href":"https:\/\/lprkuvataidekoulu.fi\/index.php?rest_route=%2Fwp%2Fv2%2Fmedia&parent=214"}],"curies":[{"name":"wp","href":"https:\/\/api.w.org\/{rel}","templated":true}]}}