{"id":248,"date":"2020-02-28T09:13:45","date_gmt":"2020-02-28T09:13:45","guid":{"rendered":"https:\/\/lprkuvataidekoulu.fi\/?page_id=248"},"modified":"2026-01-27T12:00:10","modified_gmt":"2026-01-27T12:00:10","slug":"tietoa-opiskelijalle","status":"publish","type":"page","link":"https:\/\/lprkuvataidekoulu.fi\/?page_id=248","title":{"rendered":"Tietoa opiskelijalle"},"content":{"rendered":"\t\t<div data-elementor-type=\"wp-page\" data-elementor-id=\"248\" class=\"elementor elementor-248\" data-elementor-post-type=\"page\">\n\t\t\t\t\t\t<section class=\"elementor-section elementor-top-section elementor-element elementor-element-346c0e9 elementor-section-boxed elementor-section-height-default elementor-section-height-default\" data-id=\"346c0e9\" data-element_type=\"section\" data-e-type=\"section\">\n\t\t\t\t\t\t<div class=\"elementor-container elementor-column-gap-default\">\n\t\t\t\t\t<div class=\"elementor-column elementor-col-50 elementor-top-column elementor-element elementor-element-22b9385\" data-id=\"22b9385\" data-element_type=\"column\" data-e-type=\"column\">\n\t\t\t<div class=\"elementor-widget-wrap elementor-element-populated\">\n\t\t\t\t\t\t<div class=\"elementor-element elementor-element-cd56b44 elementor-widget elementor-widget-image\" data-id=\"cd56b44\" data-element_type=\"widget\" data-e-type=\"widget\" data-widget_type=\"image.default\">\n\t\t\t\t<div class=\"elementor-widget-container\">\n\t\t\t\t\t\t\t\t\t\t\t\t\t\t\t<img fetchpriority=\"high\" decoding=\"async\" width=\"500\" height=\"669\" src=\"https:\/\/lprkuvataidekoulu.fi\/wp-content\/uploads\/2020\/05\/lyijykynatytot.jpg\" class=\"attachment-large size-large wp-image-513\" alt=\"\" srcset=\"https:\/\/lprkuvataidekoulu.fi\/wp-content\/uploads\/2020\/05\/lyijykynatytot.jpg 500w, https:\/\/lprkuvataidekoulu.fi\/wp-content\/uploads\/2020\/05\/lyijykynatytot-224x300.jpg 224w\" sizes=\"(max-width: 500px) 100vw, 500px\" \/>\t\t\t\t\t\t\t\t\t\t\t\t\t\t\t<\/div>\n\t\t\t\t<\/div>\n\t\t\t\t\t<\/div>\n\t\t<\/div>\n\t\t\t\t<div class=\"elementor-column elementor-col-50 elementor-top-column elementor-element elementor-element-03235c2\" data-id=\"03235c2\" data-element_type=\"column\" data-e-type=\"column\" data-settings=\"{&quot;background_background&quot;:&quot;classic&quot;}\">\n\t\t\t<div class=\"elementor-widget-wrap elementor-element-populated\">\n\t\t\t\t\t\t<div class=\"elementor-element elementor-element-c65e585 elementor-widget elementor-widget-text-editor\" data-id=\"c65e585\" data-element_type=\"widget\" data-e-type=\"widget\" data-widget_type=\"text-editor.default\">\n\t\t\t\t<div class=\"elementor-widget-container\">\n\t\t\t\t\t\t\t\t\t<p><strong>Tietoa opiskelijalle<\/strong><\/p>\t\t\t\t\t\t\t\t<\/div>\n\t\t\t\t<\/div>\n\t\t\t\t<div class=\"elementor-element elementor-element-b67cd67 elementor-widget-divider--view-line elementor-widget elementor-widget-divider\" data-id=\"b67cd67\" data-element_type=\"widget\" data-e-type=\"widget\" data-widget_type=\"divider.default\">\n\t\t\t\t<div class=\"elementor-widget-container\">\n\t\t\t\t\t\t\t<div class=\"elementor-divider\">\n\t\t\t<span class=\"elementor-divider-separator\">\n\t\t\t\t\t\t<\/span>\n\t\t<\/div>\n\t\t\t\t\t\t<\/div>\n\t\t\t\t<\/div>\n\t\t\t\t<div class=\"elementor-element elementor-element-afb430f elementor-align-left elementor-widget elementor-widget-button\" data-id=\"afb430f\" data-element_type=\"widget\" data-e-type=\"widget\" data-widget_type=\"button.default\">\n\t\t\t\t<div class=\"elementor-widget-container\">\n\t\t\t\t\t\t\t\t\t<div class=\"elementor-button-wrapper\">\n\t\t\t\t\t<a class=\"elementor-button elementor-button-link elementor-size-lg\" href=\"https:\/\/lprkuvataidekoulu.fi\/wp-content\/uploads\/2025\/08\/Opinto-opas-2025-2026.pdf\" target=\"_blank\">\n\t\t\t\t\t\t<span class=\"elementor-button-content-wrapper\">\n\t\t\t\t\t\t\t\t\t<span class=\"elementor-button-text\">OPINTO-OPAS<\/span>\n\t\t\t\t\t<\/span>\n\t\t\t\t\t<\/a>\n\t\t\t\t<\/div>\n\t\t\t\t\t\t\t\t<\/div>\n\t\t\t\t<\/div>\n\t\t\t\t<div class=\"elementor-element elementor-element-d015931 elementor-widget elementor-widget-text-editor\" data-id=\"d015931\" data-element_type=\"widget\" data-e-type=\"widget\" data-widget_type=\"text-editor.default\">\n\t\t\t\t<div class=\"elementor-widget-container\">\n\t\t\t\t\t\t\t\t\t<p>Opinto-oppaasta l\u00f6yd\u00e4t kuvataidekoulun loma-ajat, lukukausimaksut, kuviksen s\u00e4\u00e4nn\u00f6t ja muuta informaatiota k\u00e4yt\u00e4nn\u00f6ist\u00e4.\u00a0<\/p>\t\t\t\t\t\t\t\t<\/div>\n\t\t\t\t<\/div>\n\t\t\t\t<div class=\"elementor-element elementor-element-d0e6e57 elementor-widget elementor-widget-text-editor\" data-id=\"d0e6e57\" data-element_type=\"widget\" data-e-type=\"widget\" data-widget_type=\"text-editor.default\">\n\t\t\t\t<div class=\"elementor-widget-container\">\n\t\t\t\t\t\t\t\t\t<a href=\"https:\/\/lprkuvataidekoulu.fi\/wp-content\/uploads\/2025\/06\/Lukukausimaksut-2025-2026-1.pdf\" class=\"pdfemb-viewer\" style=\"\" data-width=\"max\" data-height=\"max\" data-toolbar=\"bottom\" data-toolbar-fixed=\"off\">Lukukausimaksut 2025-2026<\/a>\t\t\t\t\t\t\t\t<\/div>\n\t\t\t\t<\/div>\n\t\t\t\t<div class=\"elementor-element elementor-element-03ddce0 elementor-widget elementor-widget-text-editor\" data-id=\"03ddce0\" data-element_type=\"widget\" data-e-type=\"widget\" data-widget_type=\"text-editor.default\">\n\t\t\t\t<div class=\"elementor-widget-container\">\n\t\t\t\t\t\t\t\t\t<p>\u00a0<\/p><h5><strong>Haku ja opiskelu<\/strong><\/h5><p>Opinnot kuvataidekoulussa voi aloittaa miss\u00e4 tahansa i\u00e4ss\u00e4. Opetus on tavoitteellista ja opinnoissa edet\u00e4\u00e4n tasolta toiselle, lapsilla opintoryhm\u00e4 valikoituu ensisijaisesti i\u00e4n mukaan, aikuisilla opinnot aloitetaan perusopinnoista AikuistenKuvis 1 -ryhm\u00e4st\u00e4.<strong style=\"color: inherit; font-family: inherit; font-size: 1rem;\">\u00a0<\/strong><\/p><p>Lappeenrannan kuvataidekoulu on aktiivinen toimija ja vaikuttaja erilaisissa yhteisty\u00f6\u00adverkostoissa erityisesti Lappeenrannassa ja Etel\u00e4-Karjalassa, mutta on mukana my\u00f6s valtakunnallisissa verkostoissa.<\/p><p>Lappeenrannan kuvataidekoulussa kunnioitetaan kuvataiteen ja taidekasvatuksen perinteit\u00e4 ja vaalitaan alueen kulttuuriperint\u00f6\u00e4, mutta seurataan my\u00f6s ajan ilmi\u00f6it\u00e4 aktiivisesti, kehitet\u00e4\u00e4n toimintoja ja uusiudutaan.\u00a0 Lasten ja nuorten opinnoissa\u00a0<strong>painotetaan arkkitehtuuri- ja ymp\u00e4rist\u00f6\u00adkasvatusta.<\/strong><\/p><p><strong>____<\/strong><\/p><p>\u00a0<\/p><p><b>HARRASTUSAVUSTUKSEN HAKU KEV\u00c4\u00c4LLE 2026 ON AVOINNA 27.1.-9.2.2026.<\/b><\/p><p><b><br \/><\/b>Lappeenrannan kaupunki my\u00f6nt\u00e4\u00e4 tukea taiteen perusopetusta j\u00e4rjest\u00e4ville yksik\u00f6ille edelleen jaettavaksi alle 18-vuotiaille lappeenrantalaisille lapsille ja nuorille, joiden on vaikea aloittaa tai jatkaa harrastusta perheen tiukan talouden vuoksi.<br \/><strong>Kuvataidekoulun lappeenrantalaisilla lasten ja nuorten huoltajilla on mahdollisuus hakea v\u00e4h\u00e4varaisten lapsiperheiden harrastusavustusta kev\u00e4tlukukaudelle 2026.<\/strong>\u00a0<br \/>Tulosta ja t\u00e4yt\u00e4 lomake alta l\u00f6ytyv\u00e4st\u00e4 linkist\u00e4 ja toimita se kuvataidekoulun rehtorille postitse tai s\u00e4hk\u00f6postitse rehtori@lprkuvataidekoulu.fi. Voit j\u00e4tt\u00e4\u00e4 lomakkeen my\u00f6s suljetussa kirjekuoressa kuvataidekoulun toimistoon.\u00a0<\/p><p><img decoding=\"async\" class=\"alignleft wp-image-655 size-medium\" src=\"https:\/\/lprkuvataidekoulu.fi\/wp-content\/uploads\/2020\/08\/lpr_logo-300x112.jpg\" alt=\"\" width=\"300\" height=\"112\" srcset=\"https:\/\/lprkuvataidekoulu.fi\/wp-content\/uploads\/2020\/08\/lpr_logo-300x112.jpg 300w, https:\/\/lprkuvataidekoulu.fi\/wp-content\/uploads\/2020\/08\/lpr_logo-768x288.jpg 768w, https:\/\/lprkuvataidekoulu.fi\/wp-content\/uploads\/2020\/08\/lpr_logo.jpg 945w\" sizes=\"(max-width: 300px) 100vw, 300px\" \/> <img decoding=\"async\" class=\"alignleft wp-image-656 size-thumbnail\" src=\"https:\/\/lprkuvataidekoulu.fi\/wp-content\/uploads\/2020\/08\/LYK_logo_Lappeenranta_pysty_RGB-150x150.jpg\" alt=\"\" width=\"150\" height=\"150\" \/><\/p>\t\t\t\t\t\t\t\t<\/div>\n\t\t\t\t<\/div>\n\t\t\t\t<div class=\"elementor-element elementor-element-8950f6e elementor-widget elementor-widget-button\" data-id=\"8950f6e\" data-element_type=\"widget\" data-e-type=\"widget\" data-widget_type=\"button.default\">\n\t\t\t\t<div class=\"elementor-widget-container\">\n\t\t\t\t\t\t\t\t\t<div class=\"elementor-button-wrapper\">\n\t\t\t\t\t<a class=\"elementor-button elementor-button-link elementor-size-sm\" href=\"https:\/\/lprkuvataidekoulu.fi\/wp-content\/uploads\/2026\/01\/Hakulomake-Kuvataidekoulu-2026.pdf\">\n\t\t\t\t\t\t<span class=\"elementor-button-content-wrapper\">\n\t\t\t\t\t\t\t\t\t<span class=\"elementor-button-text\">HAKULOMAKE HARRASTUSAVUSTUS<\/span>\n\t\t\t\t\t<\/span>\n\t\t\t\t\t<\/a>\n\t\t\t\t<\/div>\n\t\t\t\t\t\t\t\t<\/div>\n\t\t\t\t<\/div>\n\t\t\t\t<div class=\"elementor-element elementor-element-8b3f832 elementor-align-left elementor-widget elementor-widget-button\" data-id=\"8b3f832\" data-element_type=\"widget\" data-e-type=\"widget\" data-widget_type=\"button.default\">\n\t\t\t\t<div class=\"elementor-widget-container\">\n\t\t\t\t\t\t\t\t\t<div class=\"elementor-button-wrapper\">\n\t\t\t\t\t<a class=\"elementor-button elementor-button-link elementor-size-sm\" href=\"https:\/\/lprkuvataidekoulu.fi\/wp-content\/uploads\/2026\/01\/Harrastusavustusinfo-kevat-2026.pdf\">\n\t\t\t\t\t\t<span class=\"elementor-button-content-wrapper\">\n\t\t\t\t\t\t\t\t\t<span class=\"elementor-button-text\">HARRASTUSAVUSTUS OHJE<\/span>\n\t\t\t\t\t<\/span>\n\t\t\t\t\t<\/a>\n\t\t\t\t<\/div>\n\t\t\t\t\t\t\t\t<\/div>\n\t\t\t\t<\/div>\n\t\t\t\t\t<\/div>\n\t\t<\/div>\n\t\t\t\t\t<\/div>\n\t\t<\/section>\n\t\t\t\t<section class=\"elementor-section elementor-top-section elementor-element elementor-element-b9b6453 elementor-section-boxed elementor-section-height-default elementor-section-height-default\" data-id=\"b9b6453\" data-element_type=\"section\" data-e-type=\"section\">\n\t\t\t\t\t\t<div class=\"elementor-container elementor-column-gap-default\">\n\t\t\t\t\t<div class=\"elementor-column elementor-col-100 elementor-top-column elementor-element elementor-element-a4942f8\" data-id=\"a4942f8\" data-element_type=\"column\" data-e-type=\"column\">\n\t\t\t<div class=\"elementor-widget-wrap\">\n\t\t\t\t\t\t\t<\/div>\n\t\t<\/div>\n\t\t\t\t\t<\/div>\n\t\t<\/section>\n\t\t\t\t<\/div>\n\t\t","protected":false},"excerpt":{"rendered":"<p>Tietoa opiskelijalle OPINTO-OPAS Opinto-oppaasta l\u00f6yd\u00e4t kuvataidekoulun loma-ajat, lukukausimaksut, kuviksen s\u00e4\u00e4nn\u00f6t ja muuta informaatiota k\u00e4yt\u00e4nn\u00f6ist\u00e4.\u00a0 \u00a0 Haku ja opiskelu Opinnot kuvataidekoulussa voi aloittaa miss\u00e4 tahansa i\u00e4ss\u00e4. Opetus on tavoitteellista ja opinnoissa edet\u00e4\u00e4n tasolta toiselle, lapsilla opintoryhm\u00e4 valikoituu ensisijaisesti i\u00e4n mukaan, aikuisilla opinnot aloitetaan perusopinnoista AikuistenKuvis 1 -ryhm\u00e4st\u00e4.\u00a0 Lappeenrannan kuvataidekoulu on aktiivinen toimija ja vaikuttaja erilaisissa yhteisty\u00f6\u00adverkostoissa [&hellip;]<\/p>\n","protected":false},"author":1,"featured_media":0,"parent":0,"menu_order":0,"comment_status":"closed","ping_status":"closed","template":"","meta":{"footnotes":""},"class_list":["post-248","page","type-page","status-publish","hentry"],"_links":{"self":[{"href":"https:\/\/lprkuvataidekoulu.fi\/index.php?rest_route=\/wp\/v2\/pages\/248","targetHints":{"allow":["GET"]}}],"collection":[{"href":"https:\/\/lprkuvataidekoulu.fi\/index.php?rest_route=\/wp\/v2\/pages"}],"about":[{"href":"https:\/\/lprkuvataidekoulu.fi\/index.php?rest_route=\/wp\/v2\/types\/page"}],"author":[{"embeddable":true,"href":"https:\/\/lprkuvataidekoulu.fi\/index.php?rest_route=\/wp\/v2\/users\/1"}],"replies":[{"embeddable":true,"href":"https:\/\/lprkuvataidekoulu.fi\/index.php?rest_route=%2Fwp%2Fv2%2Fcomments&post=248"}],"version-history":[{"count":20,"href":"https:\/\/lprkuvataidekoulu.fi\/index.php?rest_route=\/wp\/v2\/pages\/248\/revisions"}],"predecessor-version":[{"id":2851,"href":"https:\/\/lprkuvataidekoulu.fi\/index.php?rest_route=\/wp\/v2\/pages\/248\/revisions\/2851"}],"wp:attachment":[{"href":"https:\/\/lprkuvataidekoulu.fi\/index.php?rest_route=%2Fwp%2Fv2%2Fmedia&parent=248"}],"curies":[{"name":"wp","href":"https:\/\/api.w.org\/{rel}","templated":true}]}}