{"id":257,"date":"2020-02-28T09:28:25","date_gmt":"2020-02-28T09:28:25","guid":{"rendered":"https:\/\/lprkuvataidekoulu.fi\/?page_id=257"},"modified":"2025-06-17T11:54:25","modified_gmt":"2025-06-17T11:54:25","slug":"oppilaitos","status":"publish","type":"page","link":"https:\/\/lprkuvataidekoulu.fi\/?page_id=257","title":{"rendered":"Oppilaitos"},"content":{"rendered":"\t\t<div data-elementor-type=\"wp-page\" data-elementor-id=\"257\" class=\"elementor elementor-257\" data-elementor-post-type=\"page\">\n\t\t\t\t\t\t<section class=\"elementor-section elementor-top-section elementor-element elementor-element-9ba2f83 elementor-section-boxed elementor-section-height-default elementor-section-height-default\" data-id=\"9ba2f83\" data-element_type=\"section\" data-e-type=\"section\">\n\t\t\t\t\t\t<div class=\"elementor-container elementor-column-gap-default\">\n\t\t\t\t\t<div class=\"elementor-column elementor-col-50 elementor-top-column elementor-element elementor-element-c2e3fbe\" data-id=\"c2e3fbe\" data-element_type=\"column\" data-e-type=\"column\">\n\t\t\t<div class=\"elementor-widget-wrap elementor-element-populated\">\n\t\t\t\t\t\t<div class=\"elementor-element elementor-element-7a5ab12 elementor-widget elementor-widget-image\" data-id=\"7a5ab12\" data-element_type=\"widget\" data-e-type=\"widget\" data-widget_type=\"image.default\">\n\t\t\t\t<div class=\"elementor-widget-container\">\n\t\t\t\t\t\t\t\t\t\t\t\t\t\t\t<img fetchpriority=\"high\" decoding=\"async\" width=\"500\" height=\"669\" src=\"https:\/\/lprkuvataidekoulu.fi\/wp-content\/uploads\/2020\/05\/koulurakennus.jpg\" class=\"attachment-large size-large wp-image-456\" alt=\"\" srcset=\"https:\/\/lprkuvataidekoulu.fi\/wp-content\/uploads\/2020\/05\/koulurakennus.jpg 500w, https:\/\/lprkuvataidekoulu.fi\/wp-content\/uploads\/2020\/05\/koulurakennus-224x300.jpg 224w\" sizes=\"(max-width: 500px) 100vw, 500px\" \/>\t\t\t\t\t\t\t\t\t\t\t\t\t\t\t<\/div>\n\t\t\t\t<\/div>\n\t\t\t\t\t<\/div>\n\t\t<\/div>\n\t\t\t\t<div class=\"elementor-column elementor-col-50 elementor-top-column elementor-element elementor-element-291382e\" data-id=\"291382e\" data-element_type=\"column\" data-e-type=\"column\" data-settings=\"{&quot;background_background&quot;:&quot;classic&quot;}\">\n\t\t\t<div class=\"elementor-widget-wrap elementor-element-populated\">\n\t\t\t\t\t\t<div class=\"elementor-element elementor-element-c8bc581 elementor-widget elementor-widget-text-editor\" data-id=\"c8bc581\" data-element_type=\"widget\" data-e-type=\"widget\" data-widget_type=\"text-editor.default\">\n\t\t\t\t<div class=\"elementor-widget-container\">\n\t\t\t\t\t\t\t\t\t<p>OPPILAITOS JA GALLERIA LINNOITUS<\/p>\t\t\t\t\t\t\t\t<\/div>\n\t\t\t\t<\/div>\n\t\t\t\t<div class=\"elementor-element elementor-element-479442e elementor-widget-divider--view-line elementor-widget elementor-widget-divider\" data-id=\"479442e\" data-element_type=\"widget\" data-e-type=\"widget\" data-widget_type=\"divider.default\">\n\t\t\t\t<div class=\"elementor-widget-container\">\n\t\t\t\t\t\t\t<div class=\"elementor-divider\">\n\t\t\t<span class=\"elementor-divider-separator\">\n\t\t\t\t\t\t<\/span>\n\t\t<\/div>\n\t\t\t\t\t\t<\/div>\n\t\t\t\t<\/div>\n\t\t\t\t<div class=\"elementor-element elementor-element-9900f70 elementor-widget elementor-widget-text-editor\" data-id=\"9900f70\" data-element_type=\"widget\" data-e-type=\"widget\" data-widget_type=\"text-editor.default\">\n\t\t\t\t<div class=\"elementor-widget-container\">\n\t\t\t\t\t\t\t\t\t<p>Historia<\/p>\t\t\t\t\t\t\t\t<\/div>\n\t\t\t\t<\/div>\n\t\t\t\t<div class=\"elementor-element elementor-element-20ad715 elementor-widget elementor-widget-text-editor\" data-id=\"20ad715\" data-element_type=\"widget\" data-e-type=\"widget\" data-widget_type=\"text-editor.default\">\n\t\t\t\t<div class=\"elementor-widget-container\">\n\t\t\t\t\t\t\t\t\t<p>Lappeenrannan kuvataidekoulu aloitti toimintansa syksyll\u00e4 1980. Koulurakennus, joka alun perin vuonna 1884 rakennettiin vankilan sauna- ja pesulatuvaksi, p\u00e4\u00e4tettiin peruskorjata kuvataidekoulun k\u00e4ytt\u00f6\u00f6n kaupunginvaltuuston 350 v. juhlakokouksessa vuonna 1999 . Rakennuksessa toimi vankila-ajan j\u00e4lkeen mm. kaakaopapupaahtimo, joka antoi nimens\u00e4 koulun galleria Kaakaopavulle, nykyisin Galleria Linnoitus. Nykyisiss\u00e4 tiloissa, jotka ovat edelleenkin loistavat ja tarkoituksenmukaiset, koulu on toiminut vuoden 2000 lopusta l\u00e4htien.<\/p><p>Kuvataidekoulu sijaitsee Lappeenrannan linnoituksessa historiallisesti merkitt\u00e4v\u00e4ll\u00e4 paikalla Koulurakennus ja Linnoituksen ainutlaatuinen milj\u00f6\u00f6 tarjoavat esteettisesti nautittavan ja virikkeisen opiskeluymp\u00e4rist\u00f6n, mik\u00e4 edist\u00e4\u00e4 toiminnallisuutta ja yhteisty\u00f6t\u00e4 erityisesti l\u00e4hiymp\u00e4rist\u00f6ss\u00e4. Samalla suhde omaan kaupunkiin ja sen historiaan syvenee.<\/p><p>Kuvataidekoulu antaa laajan oppim\u00e4\u00e4r\u00e4n mukaista taiteen perusopetusta kuvataiteessa lapsille, nuorille ja aikuisille, sek\u00e4 muuta taiteen edist\u00e4miseen liittyv\u00e4\u00e4 toimintaa. Opetus kuvataidekoulussa on laadukasta ja oppilasl\u00e4ht\u00f6ist\u00e4, joka perustuu ammattitaitoisen, motivoituneen ja innostuneen opettajakunnan ty\u00f6h\u00f6n.<\/p><p>Lappeenrannan kuvataidekoulu on aktiivinen toimija ja vaikuttaja erilaisissa yhteisty\u00f6verkostoissa erityisesti Lappeenrannassa ja Etel\u00e4-Karjalassa, mutta on mukana my\u00f6s valtakunnallisissa verkostoissa. Koulun toiminnassa kunnioitetaan kuvataiteen ja taidekasvatuksen perinteit\u00e4 ja vaalitaan alueen kulttuuriperint\u00f6\u00e4, mutta seurataan my\u00f6s ajan ilmi\u00f6it\u00e4 aktiivisesti, kehitet\u00e4\u00e4n toimintoja ja uusiudutaan. Lasten ja nuorten opinnoissa painotetaan arkkitehtuuri- ja ymp\u00e4rist\u00f6kasvatusta.<\/p>\t\t\t\t\t\t\t\t<\/div>\n\t\t\t\t<\/div>\n\t\t\t\t<div class=\"elementor-element elementor-element-1a389fc elementor-widget elementor-widget-image\" data-id=\"1a389fc\" data-element_type=\"widget\" data-e-type=\"widget\" data-widget_type=\"image.default\">\n\t\t\t\t<div class=\"elementor-widget-container\">\n\t\t\t\t\t\t\t\t\t\t\t\t\t\t\t<img decoding=\"async\" width=\"648\" height=\"556\" src=\"https:\/\/lprkuvataidekoulu.fi\/wp-content\/uploads\/2020\/05\/gallery.jpg\" class=\"attachment-large size-large wp-image-455\" alt=\"\" srcset=\"https:\/\/lprkuvataidekoulu.fi\/wp-content\/uploads\/2020\/05\/gallery.jpg 648w, https:\/\/lprkuvataidekoulu.fi\/wp-content\/uploads\/2020\/05\/gallery-300x257.jpg 300w\" sizes=\"(max-width: 648px) 100vw, 648px\" \/>\t\t\t\t\t\t\t\t\t\t\t\t\t\t\t<\/div>\n\t\t\t\t<\/div>\n\t\t\t\t<div class=\"elementor-element elementor-element-b5b2e77 elementor-widget elementor-widget-text-editor\" data-id=\"b5b2e77\" data-element_type=\"widget\" data-e-type=\"widget\" data-widget_type=\"text-editor.default\">\n\t\t\t\t<div class=\"elementor-widget-container\">\n\t\t\t\t\t\t\t\t\t<p>Koulun tilat ja Galleria Linnoitus<\/p><p>\u00a0<\/p>\t\t\t\t\t\t\t\t<\/div>\n\t\t\t\t<\/div>\n\t\t\t\t<div class=\"elementor-element elementor-element-f2e1131 elementor-widget elementor-widget-text-editor\" data-id=\"f2e1131\" data-element_type=\"widget\" data-e-type=\"widget\" data-widget_type=\"text-editor.default\">\n\t\t\t\t<div class=\"elementor-widget-container\">\n\t\t\t\t\t\t\t\t\t<p><strong>Tilojen esittely \/ vuokraus<\/strong><\/p><p>Vuokraamme kuvataidekoulun tiloja koulutustilaisuuksien ja juhlien pitoon. Kes\u00e4isin alakerran opetustilat muuntuvat Galleria Linnoitukseksi, miss\u00e4 on kolme erillist\u00e4 galleria tilaa.<\/p><p><strong>Tiedustele vuokrattavia tiloja:<\/strong><\/p><p>Kuvataidekoulun rehtori <em>Hanne Ronkanen: <\/em>puhelin: 044 223 2909, s\u00e4hk\u00f6posti: hanne.ronkanen(at)lprkuvataidekoulu.fi<\/p>\t\t\t\t\t\t\t\t<\/div>\n\t\t\t\t<\/div>\n\t\t\t\t<div class=\"elementor-element elementor-element-1464534 elementor-widget elementor-widget-image\" data-id=\"1464534\" data-element_type=\"widget\" data-e-type=\"widget\" data-widget_type=\"image.default\">\n\t\t\t\t<div class=\"elementor-widget-container\">\n\t\t\t\t\t\t\t\t\t\t\t\t\t\t\t<img decoding=\"async\" width=\"800\" height=\"443\" src=\"https:\/\/lprkuvataidekoulu.fi\/wp-content\/uploads\/2023\/05\/GalleriaLinnoitus_logo-1024x567.jpg\" class=\"attachment-large size-large wp-image-2040\" alt=\"\" srcset=\"https:\/\/lprkuvataidekoulu.fi\/wp-content\/uploads\/2023\/05\/GalleriaLinnoitus_logo-1024x567.jpg 1024w, https:\/\/lprkuvataidekoulu.fi\/wp-content\/uploads\/2023\/05\/GalleriaLinnoitus_logo-300x166.jpg 300w, https:\/\/lprkuvataidekoulu.fi\/wp-content\/uploads\/2023\/05\/GalleriaLinnoitus_logo-768x425.jpg 768w, https:\/\/lprkuvataidekoulu.fi\/wp-content\/uploads\/2023\/05\/GalleriaLinnoitus_logo-1536x850.jpg 1536w, https:\/\/lprkuvataidekoulu.fi\/wp-content\/uploads\/2023\/05\/GalleriaLinnoitus_logo-2048x1133.jpg 2048w\" sizes=\"(max-width: 800px) 100vw, 800px\" \/>\t\t\t\t\t\t\t\t\t\t\t\t\t\t\t<\/div>\n\t\t\t\t<\/div>\n\t\t\t\t<div class=\"elementor-element elementor-element-bb133e7 elementor-widget__width-initial elementor-widget elementor-widget-text-editor\" data-id=\"bb133e7\" data-element_type=\"widget\" data-e-type=\"widget\" data-widget_type=\"text-editor.default\">\n\t\t\t\t<div class=\"elementor-widget-container\">\n\t\t\t\t\t\t\t\t\t<h5>Galleria<strong> Linnoitus \u2013 tilojen vuokraus n\u00e4yttelyk\u00e4ytt\u00f6\u00f6n\u00a0<\/strong><\/h5><div><strong>KES\u00c4N 2025 HAKU ON P\u00c4\u00c4TTYNYT, <a href=\"https:\/\/lprkuvataidekoulu.fi\/?page_id=1199\">katso t\u00e4st\u00e4 tulevat n\u00e4yttelyt!<\/a><\/strong><\/div><div><strong>\u00a0<\/strong><\/div><p>Koulun alakerran opetustilat muuntuvat Galleria Linnoitukseksi kes\u00e4n ajaksi.<\/p><p>N\u00e4yttelyhaku tilaan (yht. 240 m<sup>2<\/sup>) seuraavalle kes\u00e4lle avautuu edellisen syyslukukauden aikana.<\/p><p>Voit hakea my\u00f6s ilmoitettuja aikoja pidemp\u00e4\u00e4 tai lyhyemp\u00e4\u00e4 ajanjaksoa. Tutustuthan hakuohjeisiin ja vuokraehtoihin. N\u00e4yttelyaikaa voi hakea my\u00f6s vapaamuotoisella hakemuksella hakuajan ulkopuolella.<\/p><p><strong>N\u00e4yttelyajat ja hakuohjeet<\/strong><\/p><p>Kes\u00e4ll\u00e4 galleria on avoinna ma-pe 10-16 ja viikonloppuisin la-su 11-15.<\/p><p>N\u00e4yttelyaika sis\u00e4lt\u00e4\u00e4 sek\u00e4 n\u00e4yttelyn ripustuksen ett\u00e4 purkamisen.\u00a0 Hinnasta sovitaan sopimusta tehdess\u00e4.\u00a0<br \/>Taideyhdistyksen j\u00e4senet saavat 10% alennuksen.\u00a0<\/p><p><b>N\u00c4YTTELYTILOJEN LISTAHINNASTO 2025:<\/b><\/p><p><strong>Tila 1<\/strong>, \u00a0 \u00a0 \u00a0 \u00a0 \u00a0 \u00a0 \u00a0100 m2 \u00a0 255\u20ac \/vko, \u00a0 \u00a0510\u20ac \/2vkoa<br \/><strong>Tila 2<\/strong>, \u00a0 \u00a0 \u00a0 \u00a0 \u00a0 \u00a0 \u00a0 \u00a0 60m2 \u00a0 130\u20ac \/vko,\u00a0 \u00a0 260\u20ac \/2vkoa<br \/><strong>Tila 3<\/strong>, \u00a0 \u00a0 \u00a0 \u00a0 \u00a0 \u00a0 \u00a0 \u00a0 80m2 \u00a0 180\u20ac \/vko,\u00a0 \u00a0 360\u20ac \/2vkoa<br \/><strong>Tila 1 ja 2,\u00a0 \u00a0 \u00a0 \u00a0 <\/strong>160m2\u00a0\u00a0360\u20ac \/vko,\u00a0 \u00a0 610\u20ac \/2vkoa\u00a0<br \/><strong>Tila 1, 2 ja 3,\u00a0 \u00a0<\/strong>240m2\u00a0 \u00a0490\u20ac \/vko,\u00a0 \u00a0 865\u20ac \/2vkoa<\/p><p>Pidemm\u00e4t ajat sopimuksen mukaan.\u00a0\u00a0<\/p>\t\t\t\t\t\t\t\t<\/div>\n\t\t\t\t<\/div>\n\t\t\t\t<div class=\"elementor-element elementor-element-805f9cf elementor-widget elementor-widget-image\" data-id=\"805f9cf\" data-element_type=\"widget\" data-e-type=\"widget\" data-widget_type=\"image.default\">\n\t\t\t\t<div class=\"elementor-widget-container\">\n\t\t\t\t\t\t\t\t\t\t\t\t\t\t\t<img loading=\"lazy\" decoding=\"async\" width=\"400\" height=\"363\" src=\"https:\/\/lprkuvataidekoulu.fi\/wp-content\/uploads\/2020\/03\/pohjakuva1.jpg\" class=\"attachment-large size-large wp-image-280\" alt=\"\" srcset=\"https:\/\/lprkuvataidekoulu.fi\/wp-content\/uploads\/2020\/03\/pohjakuva1.jpg 400w, https:\/\/lprkuvataidekoulu.fi\/wp-content\/uploads\/2020\/03\/pohjakuva1-300x272.jpg 300w\" sizes=\"(max-width: 400px) 100vw, 400px\" \/>\t\t\t\t\t\t\t\t\t\t\t\t\t\t\t<\/div>\n\t\t\t\t<\/div>\n\t\t\t\t<div class=\"elementor-element elementor-element-e5fa30d elementor-widget elementor-widget-text-editor\" data-id=\"e5fa30d\" data-element_type=\"widget\" data-e-type=\"widget\" data-widget_type=\"text-editor.default\">\n\t\t\t\t<div class=\"elementor-widget-container\">\n\t\t\t\t\t\t\t\t\t<h5><strong>HAKUOHJEET\u00a0<\/strong><\/h5>\t\t\t\t\t\t\t\t<\/div>\n\t\t\t\t<\/div>\n\t\t\t\t<div class=\"elementor-element elementor-element-487a64d elementor-widget elementor-widget-button\" data-id=\"487a64d\" data-element_type=\"widget\" data-e-type=\"widget\" data-widget_type=\"button.default\">\n\t\t\t\t<div class=\"elementor-widget-container\">\n\t\t\t\t\t\t\t\t\t<div class=\"elementor-button-wrapper\">\n\t\t\t\t\t<a class=\"elementor-button elementor-button-link elementor-size-sm\" href=\"https:\/\/lprkuvataidekoulu.fi\/wp-content\/uploads\/2025\/02\/Hakemuslomake-Galleria-Linnoitus.pdf\" target=\"_blank\">\n\t\t\t\t\t\t<span class=\"elementor-button-content-wrapper\">\n\t\t\t\t\t\t\t\t\t<span class=\"elementor-button-text\">TULOSTA HAKEMUSLOMAKE<\/span>\n\t\t\t\t\t<\/span>\n\t\t\t\t\t<\/a>\n\t\t\t\t<\/div>\n\t\t\t\t\t\t\t\t<\/div>\n\t\t\t\t<\/div>\n\t\t\t\t<div class=\"elementor-element elementor-element-43d047f elementor-widget elementor-widget-text-editor\" data-id=\"43d047f\" data-element_type=\"widget\" data-e-type=\"widget\" data-widget_type=\"text-editor.default\">\n\t\t\t\t<div class=\"elementor-widget-container\">\n\t\t\t\t\t\t\t\t\t<p>Toimita t\u00e4ytetty n\u00e4yttelyhakemuslomake kuvataidekoulun rehtorille tarvittavilla liitteill\u00e4 varustettuna:<br>hanne.ronkanen(at)lprkuvataidekoulu.fi tai Lappeenrannan kuvataidekoulu, Hanne Ronkanen, Kehruuhuoneenkuja 8, 53900 Lappeenranta.<\/p>\n<p>N\u00e4ytteilleasettajat valitaan Taideyhdistyksen hallituksen kokouksessa.<\/p>\n<p>Mik\u00e4li jostain syyst\u00e4 teet vapaamuotoisen hakemuksen tulee hakemuksesta selvit\u00e4 seuraavat asiat:<\/p>\n<ul>\n<li>hakija, yhteystiedot (puhelin, s\u00e4hk\u00f6posti, osoite, nettisivut)<\/li>\n<li>haettava n\u00e4yttelyaika<\/li>\n<li>mit\u00e4 tiloja haetaan (tilat 1, 2 ja 3)<\/li>\n<li>n\u00e4yttelyn nimi ja sis\u00e4lt\u00f6<\/li>\n<li>ansioluettelo<\/li>\n<li>portfolio (kuvia teoksista, video tms.)<\/li>\n<\/ul>\n<p><b>&nbsp;<\/b><\/p>\n<h5><b>VUOKRAEHDOT<\/b><\/h5>\n<p>Vuokrasta sovitaan hinnaston mukaan. Vuokrasta 1\/3 tulee maksaa sopimuksen teon yhteydess\u00e4, loppuosa ennen n\u00e4yttelyn alkua. Mik\u00e4li ennakkomaksua ei ole suoritettu annettuun er\u00e4p\u00e4iv\u00e4\u00e4n menness\u00e4, sopimus purkaantuu.<\/p>\n<p><strong>Hintaan sis\u00e4ltyy:&nbsp;&nbsp;&nbsp;&nbsp;<\/strong><\/p>\n<p>N\u00e4yttelytila ja sen valvonta maanantaista perjantaihin klo 10 \u2013 16. Viikonloppuisin ja arkipyhin\u00e4 n\u00e4ytteilleasettaja huolehtii n\u00e4yttelyn valvonnasta itse, joista sovitaan etuk\u00e4teen vuokranantajan kanssa.&nbsp; Juliste st\u00e4ndeihin koko 50&#215;70<\/p>\n<p><strong>Hintaan EI sis\u00e4lly:&nbsp;&nbsp;<\/strong><\/p>\n<p>Julisteet (jaettavat A4, A5, standit 50\u00d770), kutsukortit, postitus, kopiointi eik\u00e4 avajaiset tai niiden tarjoilu. N\u00e4ytteilleasettaja huolehtii avajaisten j\u00e4rjestelyist\u00e4 itse.<\/p>\n<p><strong>Muut ehdot<\/strong><\/p>\n<p>Vuokralainen on velvollinen sopimaan n\u00e4yttelyn avajaisten ajankohdan, sek\u00e4 purkuajankohdan vuokranantajan kanssa ennen vuokra-ajan alkua. N\u00e4yttelyjulisteissa sek\u00e4 muissa kuvallisissa mediailmoituksissa on k\u00e4ytett\u00e4v\u00e4 Galleria Linnoituksen logoa ja julisteet tulee hyv\u00e4ksytt\u00e4\u00e4 Galleria Linnoituksen edustajalla 2 viikkoa ennen n\u00e4yttelyn alkua, ajankohdat 2. ja 3. 15.6. menness\u00e4.<\/p>\n<p>Vuokralainen vakuuttaa itse esille laittamansa teokset. Mik\u00e4li vuokralainen tai vuokralaisen vastuulla oleva taho tai henkil\u00f6 aiheuttaa vuokralaisen k\u00e4ytt\u00f6\u00f6n luovutetuille tiloille tai n\u00e4iss\u00e4 tiloissa oleville v\u00e4lineille tai tilojen huonekaluille vahinkoa tai sellaisia muutoksia, joiden ennalleen saattaminen aiheuttaa vuokranantajalle kustannuksia, tulee vuokralaisen korvata vuokranantajan osoittamat vuokranantajalle aiheutuneet v\u00e4litt\u00f6m\u00e4t vahingot ja kustannukset mik\u00e4li vahingon tai kustannusten syyn\u00e4 on ollut vuokralaisen tahallinen tai huolimaton toiminta. Huomatuista vahingoista on ilmoitettava v\u00e4litt\u00f6m\u00e4sti vuokranantajalle<\/p>\n<p>Vuokralainen sitoutuu noudattamaan vuokranantajan antamia turvallisuus- ja kulkuohjeita. Vuokralainen on velvollinen korvaamaan vuokranantajalle saamiensa ohjeiden laiminly\u00f6nnist\u00e4 aiheutuvat kustannukset. Vuokralainen ei saa luovuttaa tilojen turvallisuuteen liittyvi\u00e4 tietoja tai v\u00e4lineit\u00e4 (avaimia tms.) kolmannelle osapuolelle.<\/p>\t\t\t\t\t\t\t\t<\/div>\n\t\t\t\t<\/div>\n\t\t\t\t\t<\/div>\n\t\t<\/div>\n\t\t\t\t\t<\/div>\n\t\t<\/section>\n\t\t\t\t<\/div>\n\t\t","protected":false},"excerpt":{"rendered":"<p>OPPILAITOS JA GALLERIA LINNOITUS Historia Lappeenrannan kuvataidekoulu aloitti toimintansa syksyll\u00e4 1980. Koulurakennus, joka alun perin vuonna 1884 rakennettiin vankilan sauna- ja pesulatuvaksi, p\u00e4\u00e4tettiin peruskorjata kuvataidekoulun k\u00e4ytt\u00f6\u00f6n kaupunginvaltuuston 350 v. juhlakokouksessa vuonna 1999 . Rakennuksessa toimi vankila-ajan j\u00e4lkeen mm. kaakaopapupaahtimo, joka antoi nimens\u00e4 koulun galleria Kaakaopavulle, nykyisin Galleria Linnoitus. Nykyisiss\u00e4 tiloissa, jotka ovat edelleenkin loistavat ja [&hellip;]<\/p>\n","protected":false},"author":1,"featured_media":0,"parent":0,"menu_order":0,"comment_status":"closed","ping_status":"closed","template":"","meta":{"footnotes":""},"class_list":["post-257","page","type-page","status-publish","hentry"],"_links":{"self":[{"href":"https:\/\/lprkuvataidekoulu.fi\/index.php?rest_route=\/wp\/v2\/pages\/257","targetHints":{"allow":["GET"]}}],"collection":[{"href":"https:\/\/lprkuvataidekoulu.fi\/index.php?rest_route=\/wp\/v2\/pages"}],"about":[{"href":"https:\/\/lprkuvataidekoulu.fi\/index.php?rest_route=\/wp\/v2\/types\/page"}],"author":[{"embeddable":true,"href":"https:\/\/lprkuvataidekoulu.fi\/index.php?rest_route=\/wp\/v2\/users\/1"}],"replies":[{"embeddable":true,"href":"https:\/\/lprkuvataidekoulu.fi\/index.php?rest_route=%2Fwp%2Fv2%2Fcomments&post=257"}],"version-history":[{"count":20,"href":"https:\/\/lprkuvataidekoulu.fi\/index.php?rest_route=\/wp\/v2\/pages\/257\/revisions"}],"predecessor-version":[{"id":2649,"href":"https:\/\/lprkuvataidekoulu.fi\/index.php?rest_route=\/wp\/v2\/pages\/257\/revisions\/2649"}],"wp:attachment":[{"href":"https:\/\/lprkuvataidekoulu.fi\/index.php?rest_route=%2Fwp%2Fv2%2Fmedia&parent=257"}],"curies":[{"name":"wp","href":"https:\/\/api.w.org\/{rel}","templated":true}]}}