{"id":371,"date":"2020-05-07T12:57:46","date_gmt":"2020-05-07T12:57:46","guid":{"rendered":"https:\/\/lprkuvataidekoulu.fi\/?page_id=371"},"modified":"2026-01-13T12:20:22","modified_gmt":"2026-01-13T12:20:22","slug":"lukujarjestys","status":"publish","type":"page","link":"https:\/\/lprkuvataidekoulu.fi\/?page_id=371","title":{"rendered":"LUKUJ\u00c4RJESTYS"},"content":{"rendered":"\t\t<div data-elementor-type=\"wp-page\" data-elementor-id=\"371\" class=\"elementor elementor-371\" data-elementor-post-type=\"page\">\n\t\t\t\t\t\t<section class=\"elementor-section elementor-top-section elementor-element elementor-element-2c4ba6f elementor-section-boxed elementor-section-height-default elementor-section-height-default\" data-id=\"2c4ba6f\" data-element_type=\"section\" data-e-type=\"section\">\n\t\t\t\t\t\t<div class=\"elementor-container elementor-column-gap-default\">\n\t\t\t\t\t<div class=\"elementor-column elementor-col-100 elementor-top-column elementor-element elementor-element-61727ff\" data-id=\"61727ff\" data-element_type=\"column\" data-e-type=\"column\" data-settings=\"{&quot;background_background&quot;:&quot;classic&quot;}\">\n\t\t\t<div class=\"elementor-widget-wrap elementor-element-populated\">\n\t\t\t\t\t\t<div class=\"elementor-element elementor-element-399e825 elementor-widget elementor-widget-text-editor\" data-id=\"399e825\" data-element_type=\"widget\" data-e-type=\"widget\" data-widget_type=\"text-editor.default\">\n\t\t\t\t<div class=\"elementor-widget-container\">\n\t\t\t\t\t\t\t\t\t<p>LUKUJ\u00c4RJESTYS<\/p>\t\t\t\t\t\t\t\t<\/div>\n\t\t\t\t<\/div>\n\t\t\t\t<div class=\"elementor-element elementor-element-f3ce519 elementor-widget-divider--view-line elementor-widget elementor-widget-divider\" data-id=\"f3ce519\" data-element_type=\"widget\" data-e-type=\"widget\" data-widget_type=\"divider.default\">\n\t\t\t\t<div class=\"elementor-widget-container\">\n\t\t\t\t\t\t\t<div class=\"elementor-divider\">\n\t\t\t<span class=\"elementor-divider-separator\">\n\t\t\t\t\t\t<\/span>\n\t\t<\/div>\n\t\t\t\t\t\t<\/div>\n\t\t\t\t<\/div>\n\t\t\t\t<div class=\"elementor-element elementor-element-06fe854 elementor-widget elementor-widget-button\" data-id=\"06fe854\" data-element_type=\"widget\" data-e-type=\"widget\" data-widget_type=\"button.default\">\n\t\t\t\t<div class=\"elementor-widget-container\">\n\t\t\t\t\t\t\t\t\t<div class=\"elementor-button-wrapper\">\n\t\t\t\t\t<a class=\"elementor-button elementor-button-link elementor-size-md\" href=\"https:\/\/lprkuvis.eepos.fi\/\">\n\t\t\t\t\t\t<span class=\"elementor-button-content-wrapper\">\n\t\t\t\t\t\t\t\t\t<span class=\"elementor-button-text\">Eepos oppilasportaaliin - klikkaa t\u00e4st\u00e4!<\/span>\n\t\t\t\t\t<\/span>\n\t\t\t\t\t<\/a>\n\t\t\t\t<\/div>\n\t\t\t\t\t\t\t\t<\/div>\n\t\t\t\t<\/div>\n\t\t\t\t\t<\/div>\n\t\t<\/div>\n\t\t\t\t\t<\/div>\n\t\t<\/section>\n\t\t\t\t<section class=\"elementor-section elementor-top-section elementor-element elementor-element-b0ea598 elementor-section-boxed elementor-section-height-default elementor-section-height-default\" data-id=\"b0ea598\" data-element_type=\"section\" data-e-type=\"section\">\n\t\t\t\t\t\t<div class=\"elementor-container elementor-column-gap-default\">\n\t\t\t\t\t<div class=\"elementor-column elementor-col-100 elementor-top-column elementor-element elementor-element-e82f58f\" data-id=\"e82f58f\" data-element_type=\"column\" data-e-type=\"column\" data-settings=\"{&quot;background_background&quot;:&quot;classic&quot;}\">\n\t\t\t<div class=\"elementor-widget-wrap elementor-element-populated\">\n\t\t\t\t\t\t<div class=\"elementor-element elementor-element-4946930 elementor-widget elementor-widget-heading\" data-id=\"4946930\" data-element_type=\"widget\" data-e-type=\"widget\" data-widget_type=\"heading.default\">\n\t\t\t\t<div class=\"elementor-widget-container\">\n\t\t\t\t\t<h2 class=\"elementor-heading-title elementor-size-default\">Kuvataidekoulun ryhm\u00e4t 2025-2026<\/h2>\t\t\t\t<\/div>\n\t\t\t\t<\/div>\n\t\t\t\t<div class=\"elementor-element elementor-element-3ce7c61 elementor-widget-mobile__width-inherit elementor-widget elementor-widget-text-editor\" data-id=\"3ce7c61\" data-element_type=\"widget\" data-e-type=\"widget\" data-widget_type=\"text-editor.default\">\n\t\t\t\t<div class=\"elementor-widget-container\">\n\t\t\t\t\t\t\t\t\t<p><span style=\"color: #fd5f61;\"><strong>VARHAISI\u00c4N KUVATAIDEKASVATUS<\/strong><\/span><\/p><p><strong>\u00a0<\/strong><\/p><p><strong>Taaperokuvis A, <\/strong>3-4 v. ja aikuinen,\u00a0<span style=\"font-size: 1rem;\">ma klo 16.30-17.15<\/span><\/p><p><strong>Taaperokuvis B, <\/strong>3-4 v. ja aikuinen,\u00a0<span style=\"font-size: 1rem;\">ke klo 16.45-17.30<\/span><\/p><p><strong>ViskariKuvis A<\/strong>, 5-vuotiaat,\u00a0<span style=\"font-size: 1rem;\">ti klo 16.30-17.30<\/span><\/p><p><strong>ViskariKuvis B<\/strong>, 5-vuotiaat,\u00a0<span style=\"font-size: 1rem;\">to klo 18.00-19.00<\/span><\/p><p><strong>EskariKuvis A<\/strong>, 6-vuotiaat,\u00a0<span style=\"font-size: 1rem;\">ma klo 16.00-17.30<\/span><\/p><p><strong>EskariKuvis B<\/strong>, 6-7-vuotiaat, <span style=\"font-size: 1rem;\">ke klo 17.00-18.30<\/span><\/p><p><strong>\u00a0<\/strong><\/p><p><strong>Vauvojen v\u00e4rikylpy A 6-12kk<\/strong>\u00a0 \u00a0 \u00a0 \u00a0 \u00a0 \u00a0 \u00a0 \u00a0<\/p><p>to 2.10., 9.10. ja 16.10. klo 17.00-17.45, 3 krt<\/p><p><strong>Vauvojen v\u00e4rikylpy B 6-12kk<\/strong>\u00a0 \u00a0 \u00a0 \u00a0 \u00a0 \u00a0 \u00a0 \u00a0<\/p><p>to 13.11., 20.11. ja 27.11. klo 17.30-18.15, 3 krt<\/p><p><strong>Taaperoiden v\u00e4rikylpy 18-24 kk<\/strong><br \/>la 22.11. klo 10-10.45, 1 krt<\/p><p>\u00a0<\/p><p><span style=\"color: #fd5f61;\"><strong>PERUSOPETUSRYHM\u00c4T 7-14v.<\/strong><\/span><\/p><p><span style=\"color: #fd5f61;\"><strong>\u00a0<\/strong><\/span><\/p><p><strong>Kuvataiteen perusteet 1 ja 2:<\/strong><\/p><p><strong>Kuvis 1A<\/strong> \u00a0\u00a0\u00a0\u00a0 7-8v. \u00a0\u00a0\u00a0\u00a0\u00a0\u00a0\u00a0\u00a0\u00a0\u00a0\u00a0 ma klo 16.00-17.30<\/p><p><strong>Kuvis 1C<\/strong> \u00a0\u00a0\u00a0\u00a0 7-8v. \u00a0\u00a0\u00a0\u00a0\u00a0\u00a0\u00a0\u00a0\u00a0\u00a0\u00a0 to klo 16.30-18.00<\/p><p><strong>Kuvis 2A<\/strong> \u00a0\u00a0\u00a0\u00a0 8-9v. \u00a0\u00a0\u00a0\u00a0\u00a0\u00a0\u00a0\u00a0\u00a0\u00a0\u00a0 ma klo 18.20-19.50<\/p><p><strong>Kuvis 2B<\/strong> \u00a0\u00a0\u00a0\u00a0 8-9v. \u00a0\u00a0\u00a0\u00a0\u00a0\u00a0\u00a0\u00a0\u00a0\u00a0\u00a0 ke klo 16.00-17.30<\/p><p><strong>Kuvis 2C<\/strong>\u00a0 \u00a0\u00a0\u00a0 8-9v. \u00a0\u00a0\u00a0\u00a0\u00a0\u00a0\u00a0\u00a0\u00a0\u00a0\u00a0 to klo 17.30-19.00<\/p><p><strong>Kuvis 3A<\/strong> \u00a0\u00a0\u00a0\u00a0 9-10v. \u00a0\u00a0\u00a0\u00a0\u00a0\u00a0\u00a0\u00a0\u00a0 ti klo 15.45-17.45<\/p><p><strong>Kuvis 3B<\/strong> \u00a0\u00a0\u00a0\u00a0 9-10v. \u00a0\u00a0\u00a0\u00a0\u00a0\u00a0\u00a0\u00a0\u00a0 ke klo 18.00-20.00<\/p><p><strong>Kuvis 4A<\/strong> \u00a0\u00a0\u00a0\u00a0 10-11v. \u00a0\u00a0\u00a0\u00a0\u00a0\u00a0\u00a0 ma klo 17.30-19.45<\/p><p><strong>Kuvis 4B<\/strong> \u00a0\u00a0\u00a0\u00a0 10-11v. \u00a0\u00a0\u00a0\u00a0\u00a0\u00a0\u00a0 to klo 16.20-18.35<\/p><p><strong>Kuvis 5A<\/strong> \u00a0\u00a0\u00a0\u00a0 11-12v. \u00a0\u00a0\u00a0\u00a0\u00a0\u00a0\u00a0 ti klo 17.30-19.45<\/p><p><strong>Kuvis 5B<\/strong> \u00a0\u00a0\u00a0\u00a0 11-12v. \u00a0\u00a0\u00a0\u00a0\u00a0\u00a0\u00a0 ke klo 15.45-18.00<\/p><p><strong>\u00a0<\/strong><\/p><p><strong>Kuviskundit Kuvis 2-4<\/strong>, 8-11v. ti klo 16.00-17.30<\/p><p><strong>\u00a0<\/strong><\/p><p><strong>Perusopintojen ty\u00f6pajat:<\/strong><\/p><p><strong>Kuvis 6A<\/strong> \u00a0\u00a0\u00a0\u00a0 12-13v.\u00a0\u00a0\u00a0 \u00a0\u00a0\u00a0\u00a0 ma klo 15.45-18.20<\/p><p><strong>Kuvis 6B<\/strong>\u00a0\u00a0\u00a0\u00a0\u00a0 12-13v.\u00a0\u00a0\u00a0\u00a0 \u00a0\u00a0\u00a0 ti klo 16.00-18.35<\/p><p><strong>Kuvis 6C<\/strong>\u00a0\u00a0\u00a0\u00a0\u00a0 12-13v.\u00a0\u00a0\u00a0 \u00a0\u00a0\u00a0\u00a0 ke klo 17.35-20.10<\/p><p><strong>Kuvis 7A<\/strong>\u00a0\u00a0\u00a0\u00a0\u00a0 13-14v. \u00a0\u00a0\u00a0\u00a0\u00a0\u00a0\u00a0 ma klo 17.30-20.05<\/p><p>\u00a0<\/p><p><span style=\"color: #fd5f61;\"><strong>SYVENT\u00c4V\u00c4T OPINNOT 14-20v.<\/strong><\/span><\/p><p><strong>\u00a0<\/strong><\/p><p><strong>Piirustuksen ja maalauksen ty\u00f6paja PIMA A <\/strong>14-20v.\u00a0 \u00a0\u00a0\u00a0\u00a0\u00a0\u00a0 ma klo 17.30-20.05<\/p><p><strong>Piirustuksen ja maalauksen ty\u00f6paja PIMA B <\/strong>14-20v.\u00a0 \u00a0\u00a0\u00a0\u00a0\u00a0\u00a0 ke klo 17.35-20.10<\/p><p><strong>Pima-\/media-\/muotoilu ty\u00f6paja\u00a0 \u00a0 \u00a0 \u00a0 \u00a0 \u00a0 \u00a0 \u00a0 \u00a0 \u00a0 <\/strong>14-20v.\u00a0 \u00a0 \u00a0 \u00a0 \u00a0 ti klo 17.45-20.20<\/p><p>\u00a0<\/p><p><span style=\"color: #fd5f61;\"><strong>AIKUISTEN RYHM\u00c4T<\/strong><\/span><\/p><p><span style=\"color: #fd5f61;\"><strong>\u00a0<\/strong><\/span><\/p><p><strong>Aikuisten perusopinnot:<\/strong><\/p><p><strong>AikuisetKuvis 1<\/strong> \u00a0\u00a0\u00a0\u00a0\u00a0\u00a0\u00a0\u00a0\u00a0\u00a0\u00a0\u00a0\u00a0 ma klo 17.30-20.05<\/p><p><strong>AikuisetKuvis 2<\/strong>\u00a0\u00a0\u00a0\u00a0 \u00a0\u00a0\u00a0\u00a0\u00a0\u00a0\u00a0\u00a0\u00a0 ti klo 17.45-20.20<\/p><p><strong>AikuisetKuvis 3<\/strong>\u00a0\u00a0\u00a0\u00a0 \u00a0\u00a0\u00a0\u00a0\u00a0\u00a0\u00a0\u00a0\u00a0 ke klo 17.35-20.10<\/p><p><strong>AikuisetKuvis 5<\/strong>\u00a0 \u00a0 \u00a0 \u00a0 \u00a0 \u00a0 \u00a0 \u00a0to klo 17.45-20.20<\/p><p><strong>Aikuisten syvent\u00e4v\u00e4t opinnot:<br \/>AikuisetKuvis ty\u00f6paja\u00a0\u00a0\u00a0\u00a0 <\/strong>to klo 16.30-19.05<\/p>\t\t\t\t\t\t\t\t<\/div>\n\t\t\t\t<\/div>\n\t\t\t\t<div class=\"elementor-element elementor-element-88a2812 elementor-widget elementor-widget-spacer\" data-id=\"88a2812\" data-element_type=\"widget\" data-e-type=\"widget\" data-widget_type=\"spacer.default\">\n\t\t\t\t<div class=\"elementor-widget-container\">\n\t\t\t\t\t\t\t<div class=\"elementor-spacer\">\n\t\t\t<div class=\"elementor-spacer-inner\"><\/div>\n\t\t<\/div>\n\t\t\t\t\t\t<\/div>\n\t\t\t\t<\/div>\n\t\t\t\t<div class=\"elementor-element elementor-element-3344c8a elementor-widget elementor-widget-heading\" data-id=\"3344c8a\" data-element_type=\"widget\" data-e-type=\"widget\" data-widget_type=\"heading.default\">\n\t\t\t\t<div class=\"elementor-widget-container\">\n\t\t\t\t\t<h2 class=\"elementor-heading-title elementor-size-default\">Lukuj\u00e4rjestys syksy 2025 - kev\u00e4t 2026<\/h2>\t\t\t\t<\/div>\n\t\t\t\t<\/div>\n\t\t\t\t<div class=\"elementor-element elementor-element-2a82431 elementor-widget elementor-widget-text-editor\" data-id=\"2a82431\" data-element_type=\"widget\" data-e-type=\"widget\" data-widget_type=\"text-editor.default\">\n\t\t\t\t<div class=\"elementor-widget-container\">\n\t\t\t\t\t\t\t\t\t<a href=\"https:\/\/lprkuvataidekoulu.fi\/wp-content\/uploads\/2026\/01\/Lukujarjestys-2025-2026-paivitetty-13.1.pdf\" class=\"pdfemb-viewer\" style=\"\" data-width=\"max\" data-height=\"max\" data-toolbar=\"bottom\" data-toolbar-fixed=\"off\">Lukuj\u00e4rjestys 2025-2026 p\u00e4ivitetty 13.1<\/a>\t\t\t\t\t\t\t\t<\/div>\n\t\t\t\t<\/div>\n\t\t\t\t<div class=\"elementor-element elementor-element-8ded4ab elementor-widget elementor-widget-spacer\" data-id=\"8ded4ab\" data-element_type=\"widget\" data-e-type=\"widget\" data-widget_type=\"spacer.default\">\n\t\t\t\t<div class=\"elementor-widget-container\">\n\t\t\t\t\t\t\t<div class=\"elementor-spacer\">\n\t\t\t<div class=\"elementor-spacer-inner\"><\/div>\n\t\t<\/div>\n\t\t\t\t\t\t<\/div>\n\t\t\t\t<\/div>\n\t\t\t\t<div class=\"elementor-element elementor-element-d80b636 elementor-widget elementor-widget-heading\" data-id=\"d80b636\" data-element_type=\"widget\" data-e-type=\"widget\" data-widget_type=\"heading.default\">\n\t\t\t\t<div class=\"elementor-widget-container\">\n\t\t\t\t\t<h1 class=\"elementor-heading-title elementor-size-large\">Innostu ja inspiroidu kuviksessa!<\/h1>\t\t\t\t<\/div>\n\t\t\t\t<\/div>\n\t\t\t\t<div class=\"elementor-element elementor-element-9b54bdf elementor-widget elementor-widget-text-editor\" data-id=\"9b54bdf\" data-element_type=\"widget\" data-e-type=\"widget\" data-widget_type=\"text-editor.default\">\n\t\t\t\t<div class=\"elementor-widget-container\">\n\t\t\t\t\t\t\t\t\t<h5><strong>TY\u00d6PAJAOPINNOT 14-20-vuotiaille<\/strong><\/h5><p>Ty\u00f6pajaopinnoissa laajennetaan ja syvennet\u00e4\u00e4n jo hankittuja tietoja ja taitoja sek\u00e4 etsit\u00e4\u00e4n itsen\u00e4isemp\u00e4\u00e4 ilmaisutapaa. Oppilas voi suuntautua haluamaansa kuvataiteen osa-alueelle ty\u00f6pajavaihtoehtojen mukaan.<\/p><p>Oppitunti on 45 min. Opetuskerran pituus:<br \/>Ty\u00f6pajat (3,5x45min.) = 2t 30min.<\/p><p><strong>Piirustus ja maalaus (PIMA) A ma<\/strong><br \/>Tutustutaan eri piirustus- ja maalaustekniikoihin sek\u00e4 perehdyt\u00e4\u00e4n kuvan tekemisen peruselementteihin. Kokeillaan erilaisten materiaalien ja tekniikoiden ilmaisullisia mahdollisuuksia ja syvennet\u00e4\u00e4n tiet\u00e4myst\u00e4 taidehistoriasta. Sovelletaan v\u00e4rioppia ja kehitet\u00e4\u00e4n muoto ja tilatajua erilaisten harjoitusta avulla.<\/p><p><strong>Pima\/media- ja muotoilu ty\u00f6paja <\/strong><strong>ti<\/strong><br \/>Ty\u00f6pajassa piirret\u00e4\u00e4n ja maalataan sek\u00e4 ty\u00f6skennell\u00e4\u00e4n kuvataiteen eri osa-alueilla soveltaen tekniikoita. Ty\u00f6skentelyss\u00e4 p\u00e4\u00e4set kokeilemaan digitaalisten v\u00e4lineiden mahdollisuuksia esim. digitaalista piirt\u00e4mist\u00e4, maalaamista ja valokuvaamista sek\u00e4 liikkuvaa kuvaa ja tarinankerrontaa (esim. animaatio ja sarjakuva). My\u00f6s arkkitehtuuri, tilasuunnittelu ja rakentelu kuuluvat ty\u00f6pajan sis\u00e4lt\u00f6ihin (esim. pienoismallit ja lavastukset)<\/p><p><strong>Piirustus ja maalaus (PIMA) B\u00a0<\/strong><strong>ke<\/strong><br \/>Ty\u00f6pajan sis\u00e4lt\u00f6 ks. piirustus ja maalaus A.<\/p><p>\u00a0<\/p>\t\t\t\t\t\t\t\t<\/div>\n\t\t\t\t<\/div>\n\t\t\t\t\t<\/div>\n\t\t<\/div>\n\t\t\t\t\t<\/div>\n\t\t<\/section>\n\t\t\t\t<section class=\"elementor-section elementor-top-section elementor-element elementor-element-3f012ec elementor-section-boxed elementor-section-height-default elementor-section-height-default\" data-id=\"3f012ec\" data-element_type=\"section\" data-e-type=\"section\">\n\t\t\t\t\t\t<div class=\"elementor-container elementor-column-gap-default\">\n\t\t\t\t\t<div class=\"elementor-column elementor-col-100 elementor-top-column elementor-element elementor-element-664b692\" data-id=\"664b692\" data-element_type=\"column\" data-e-type=\"column\">\n\t\t\t<div class=\"elementor-widget-wrap\">\n\t\t\t\t\t\t\t<\/div>\n\t\t<\/div>\n\t\t\t\t\t<\/div>\n\t\t<\/section>\n\t\t\t\t<section class=\"elementor-section elementor-top-section elementor-element elementor-element-365cc6d elementor-section-boxed elementor-section-height-default elementor-section-height-default\" data-id=\"365cc6d\" data-element_type=\"section\" data-e-type=\"section\">\n\t\t\t\t\t\t<div class=\"elementor-container elementor-column-gap-default\">\n\t\t\t\t\t<div class=\"elementor-column elementor-col-100 elementor-top-column elementor-element elementor-element-d3bfb80\" data-id=\"d3bfb80\" data-element_type=\"column\" data-e-type=\"column\">\n\t\t\t<div class=\"elementor-widget-wrap\">\n\t\t\t\t\t\t\t<\/div>\n\t\t<\/div>\n\t\t\t\t\t<\/div>\n\t\t<\/section>\n\t\t\t\t<\/div>\n\t\t","protected":false},"excerpt":{"rendered":"<p>LUKUJ\u00c4RJESTYS Eepos oppilasportaaliin &#8211; klikkaa t\u00e4st\u00e4! Kuvataidekoulun ryhm\u00e4t 2025-2026 VARHAISI\u00c4N KUVATAIDEKASVATUS \u00a0 Taaperokuvis A, 3-4 v. ja aikuinen,\u00a0ma klo 16.30-17.15 Taaperokuvis B, 3-4 v. ja aikuinen,\u00a0ke klo 16.45-17.30 ViskariKuvis A, 5-vuotiaat,\u00a0ti klo 16.30-17.30 ViskariKuvis B, 5-vuotiaat,\u00a0to klo 18.00-19.00 EskariKuvis A, 6-vuotiaat,\u00a0ma klo 16.00-17.30 EskariKuvis B, 6-7-vuotiaat, ke klo 17.00-18.30 \u00a0 Vauvojen v\u00e4rikylpy A 6-12kk\u00a0 \u00a0 [&hellip;]<\/p>\n","protected":false},"author":1,"featured_media":0,"parent":0,"menu_order":0,"comment_status":"closed","ping_status":"closed","template":"","meta":{"footnotes":""},"class_list":["post-371","page","type-page","status-publish","hentry"],"_links":{"self":[{"href":"https:\/\/lprkuvataidekoulu.fi\/index.php?rest_route=\/wp\/v2\/pages\/371","targetHints":{"allow":["GET"]}}],"collection":[{"href":"https:\/\/lprkuvataidekoulu.fi\/index.php?rest_route=\/wp\/v2\/pages"}],"about":[{"href":"https:\/\/lprkuvataidekoulu.fi\/index.php?rest_route=\/wp\/v2\/types\/page"}],"author":[{"embeddable":true,"href":"https:\/\/lprkuvataidekoulu.fi\/index.php?rest_route=\/wp\/v2\/users\/1"}],"replies":[{"embeddable":true,"href":"https:\/\/lprkuvataidekoulu.fi\/index.php?rest_route=%2Fwp%2Fv2%2Fcomments&post=371"}],"version-history":[{"count":20,"href":"https:\/\/lprkuvataidekoulu.fi\/index.php?rest_route=\/wp\/v2\/pages\/371\/revisions"}],"predecessor-version":[{"id":2840,"href":"https:\/\/lprkuvataidekoulu.fi\/index.php?rest_route=\/wp\/v2\/pages\/371\/revisions\/2840"}],"wp:attachment":[{"href":"https:\/\/lprkuvataidekoulu.fi\/index.php?rest_route=%2Fwp%2Fv2%2Fmedia&parent=371"}],"curies":[{"name":"wp","href":"https:\/\/api.w.org\/{rel}","templated":true}]}}